{"id":913,"date":"2025-07-30T09:17:07","date_gmt":"2025-07-30T07:17:07","guid":{"rendered":"https:\/\/goldenme.cuco.dev\/notre-programme-de-benevolat\/golden-volunteers\/"},"modified":"2026-04-23T15:26:28","modified_gmt":"2026-04-23T13:26:28","slug":"golden-volunteers","status":"publish","type":"page","link":"https:\/\/goldenme.lu\/fr\/notre-programme-de-benevolat\/golden-volunteers\/","title":{"rendered":"Golden Volunteers"},"content":{"rendered":"<div class=\"wpb-content-wrapper\"><p>[vc_row][vc_column][vc_custom_heading source=\u00a0\u00bbpost_title\u00a0\u00bb font_container=\u00a0\u00bbtag:h1|text_align:left\u00a0\u00bb use_theme_fonts=\u00a0\u00bbyes\u00a0\u00bb css_animation=\u00a0\u00bbbottom-to-top\u00a0\u00bb css=\u00a0\u00bb\u00a0\u00bb el_class=\u00a0\u00bbtext-4xl font-black\u00a0\u00bb][\/vc_column][\/vc_row][vc_row][vc_column][vc_empty_space height=\u00a0\u00bb25px\u00a0\u00bb][\/vc_column][\/vc_row][vc_row gap=\u00a0\u00bb35&Prime; equal_height=\u00a0\u00bbyes\u00a0\u00bb content_placement=\u00a0\u00bbmiddle\u00a0\u00bb][vc_column width=\u00a0\u00bb1\/2&Prime;][vc_custom_heading text=\u00a0\u00bbEn tant que GoldenVolunteer, tu n&apos;as pas n\u00e9cessairement besoin d&apos;une expertise approfondie dans le domaine du num\u00e9rique, mais surtout d&apos;avoir le go\u00fbt d&apos;aider les autres. Tu aides les personnes \u00e2g\u00e9es \u00e0 r\u00e9pondre \u00e0 leurs questions sur le quotidien num\u00e9rique, qu&apos;il s&apos;agisse de configurer des applications ou de naviguer en toute s\u00e9curit\u00e9 sur Internet.  L&apos;empathie et la compr\u00e9hension sont particuli\u00e8rement importantes, car chacun apprend \u00e0 son propre rythme. Gr\u00e2ce \u00e0 ton soutien, tu facilites l&apos;acc\u00e8s au monde num\u00e9rique \u00e0 de nombreuses personnes et tu les aides \u00e0 prendre confiance en elles.\u00a0\u00bb font_container=\u00a0\u00bbtag:p|font_size:24px|text_align:left|line_height:1.4&Prime; use_theme_fonts=\u00a0\u00bbyes\u00a0\u00bb css_animation=\u00a0\u00bbbottom-to-top\u00a0\u00bb css=\u00a0\u00bb\u00a0\u00bb][\/vc_column][vc_column width=\u00a0\u00bb1\/2&Prime;][vc_single_image image=\u00a0\u00bb1870&Prime; img_size=\u00a0\u00bbfull\u00a0\u00bb css_animation=\u00a0\u00bbbottom-to-top\u00a0\u00bb css=\u00a0\u00bb\u00a0\u00bb][\/vc_column][\/vc_row][vc_row gap=\u00a0\u00bb35&Prime; css=\u00a0\u00bb.vc_custom_1765536290397{padding-top: 3% !important;padding-bottom: 3% !important;}\u00a0\u00bb][vc_column width=\u00a0\u00bb1\/2&Prime;][vc_custom_heading text=\u00a0\u00bbTa mission :\u00a0\u00bb font_container=\u00a0\u00bbtag:h3|font_size:26px|text_align:left\u00a0\u00bb use_theme_fonts=\u00a0\u00bbyes\u00a0\u00bb css_animation=\u00a0\u00bbbottom-to-top\u00a0\u00bb css=\u00a0\u00bb\u00a0\u00bb][vc_empty_space height=\u00a0\u00bb15px\u00a0\u00bb][vc_column_text css_animation=\u00a0\u00bbbottom-to-top\u00a0\u00bb css=\u00a0\u00bb\u00a0\u00bb]<b>SmartCaf\u00e9s :<\/b> Tu es pr\u00e9sent\u00b7e pour accompagner et soutenir les seniors dans leurs questions num\u00e9riques, toujours \u00e0 l\u2019\u00e9coute de leurs besoins.<\/p>\n<p><b>\u00c9v\u00e8nement et SmartEvents<\/b> : Tu nous apportes un soutien actif lors des salons, manifestations et \u00e9v\u00e9nements.[\/vc_column_text][\/vc_column][vc_column width=\u00a0\u00bb1\/2&Prime;][vc_custom_heading text=\u00a0\u00bbCe qui t\u2018attend :\u00a0\u00bb font_container=\u00a0\u00bbtag:h3|font_size:26px|text_align:left\u00a0\u00bb use_theme_fonts=\u00a0\u00bbyes\u00a0\u00bb css_animation=\u00a0\u00bbbottom-to-top\u00a0\u00bb css=\u00a0\u00bb\u00a0\u00bb][vc_empty_space height=\u00a0\u00bb15px\u00a0\u00bb][vc_column_text css_animation=\u00a0\u00bbbottom-to-top\u00a0\u00bb css=\u00a0\u00bb\u00a0\u00bb]<b>Un contact direct : <\/b>Tu accompagnes les personnes dans leurs d\u00e9marches et besoins num\u00e9riques et observes comment, progressivement, elles gagnent en confiance et en autonomie.<\/p>\n<p><b>R\u00e9seau solide : <\/b>Tu fais partie d\u2019une communaut\u00e9 engag\u00e9e, o\u00f9 l\u2019\u00e9change, le partage et la croissance sont au c\u0153ur des relations.<\/p>\n<p><b>Engagement flexible : <\/b>Tu choisis la dur\u00e9e et les modalit\u00e9s de ton engagement, selon ton emploi du temps. Avec seulement quelques heures par mois, tu peux avoir un impact r\u00e9el. Quelques heures par mois suffisent pour faire une grande diff\u00e9rence ![\/vc_column_text][\/vc_column][\/vc_row][vc_row equal_height=\u00a0\u00bbyes\u00a0\u00bb content_placement=\u00a0\u00bbmiddle\u00a0\u00bb css_animation=\u00a0\u00bbfadeIn\u00a0\u00bb css=\u00a0\u00bb.vc_custom_1765540226904{padding-top: 3% !important;padding-right: 3% !important;padding-bottom: 3% !important;padding-left: 3% !important;background-color: #FFFFFF80 !important;border-radius: 15px !important;}\u00a0\u00bb min_height=\u00a0\u00bb90&Prime;][vc_column css=\u00a0\u00bb.vc_custom_1765539993025{margin-top: 0px !important;padding-top: 0px !important;}\u00a0\u00bb][vc_row_inner equal_height=\u00a0\u00bbyes\u00a0\u00bb content_placement=\u00a0\u00bbmiddle\u00a0\u00bb css=\u00a0\u00bb.vc_custom_1765539518964{margin-top: 0px !important;margin-bottom: 0px !important;padding-top: 0px !important;padding-bottom: 0px !important;}\u00a0\u00bb][vc_column_inner width=\u00a0\u00bb3\/4&Prime; css=\u00a0\u00bb.vc_custom_1765539856393{margin-top: 0px !important;padding-top: 0px !important;border-radius: 15px !important;}\u00a0\u00bb][vc_custom_heading text=\u00a0\u00bbTu as des questions ou envie de t&apos;engager ?\u00a0\u00bb font_container=\u00a0\u00bbtag:h2|font_size:28px|text_align:left\u00a0\u00bb use_theme_fonts=\u00a0\u00bbyes\u00a0\u00bb css_animation=\u00a0\u00bbbottom-to-top\u00a0\u00bb css=\u00a0\u00bb.vc_custom_1765540538460{margin-bottom: 0px !important;}\u00a0\u00bb][vc_custom_heading text=\u00a0\u00bbN&apos;h\u00e9site pas \u00e0 nous contacter.\u00a0\u00bb font_container=\u00a0\u00bbtag:h2|font_size:28px|text_align:left\u00a0\u00bb use_theme_fonts=\u00a0\u00bbyes\u00a0\u00bb css_animation=\u00a0\u00bbbottom-to-top\u00a0\u00bb css=\u00a0\u00bb.vc_custom_1765540526597{margin-bottom: 0px !important;}\u00a0\u00bb][\/vc_column_inner][vc_column_inner width=\u00a0\u00bb1\/4&Prime; css=\u00a0\u00bb.vc_custom_1765539493364{margin-top: 0px !important;padding-top: 0px !important;}\u00a0\u00bb]\n    <div class=\"outer-button fit-content flex-reverse big\">\n        <a class=\"coolBeans leading-none\" href=\"\"\n           id=\"contact-base-form\"\n\t\t\t\t\t\t        >\n\t\t\tContacte-nous maintenant        <\/a>\n    <\/div>\n\n\t[\/vc_column_inner][\/vc_row_inner][\/vc_column][\/vc_row][vc_row min_height=\u00a0\u00bb90&Prime;][vc_column][\/vc_column][\/vc_row]<\/p>\n<\/div>","protected":false},"excerpt":{"rendered":"<p>[vc_row][vc_column][vc_custom_heading source=\u00a0\u00bbpost_title\u00a0\u00bb font_container=\u00a0\u00bbtag:h1|text_align:left\u00a0\u00bb use_theme_fonts=\u00a0\u00bbyes\u00a0\u00bb css_animation=\u00a0\u00bbbottom-to-top\u00a0\u00bb css=\u00a0\u00bb\u00a0\u00bb el_class=\u00a0\u00bbtext-4xl font-black\u00a0\u00bb][\/vc_column][\/vc_row][vc_row][vc_column][vc_empty_space height=\u00a0\u00bb25px\u00a0\u00bb][\/vc_column][\/vc_row][vc_row gap=\u00a0\u00bb35&Prime; equal_height=\u00a0\u00bbyes\u00a0\u00bb content_placement=\u00a0\u00bbmiddle\u00a0\u00bb][vc_column width=\u00a0\u00bb1\/2&Prime;][vc_custom_heading text=\u00a0\u00bbEn tant que GoldenVolunteer, tu n&apos;as pas n\u00e9cessairement besoin d&apos;une expertise approfondie dans le domaine du num\u00e9rique, mais surtout d&apos;avoir le go\u00fbt d&apos;aider les autres. Tu aides les personnes \u00e2g\u00e9es \u00e0 r\u00e9pondre \u00e0 leurs questions sur le quotidien num\u00e9rique, qu&apos;il s&apos;agisse de [&hellip;]<\/p>\n","protected":false},"author":1,"featured_media":0,"parent":900,"menu_order":0,"comment_status":"closed","ping_status":"closed","template":"","meta":{"_acf_changed":false,"footnotes":""},"class_list":["post-913","page","type-page","status-publish","hentry"],"acf":[],"yoast_head":"<!-- This site is optimized with the Yoast SEO plugin v27.4 - https:\/\/yoast.com\/product\/yoast-seo-wordpress\/ -->\n<title>Golden Volunteers - GoldenMe<\/title>\n<meta name=\"robots\" content=\"index, follow, max-snippet:-1, max-image-preview:large, max-video-preview:-1\" \/>\n<link rel=\"canonical\" href=\"https:\/\/goldenme.lu\/fr\/notre-programme-de-benevolat\/golden-volunteers\/\" \/>\n<meta property=\"og:locale\" content=\"fr_FR\" \/>\n<meta property=\"og:type\" content=\"article\" \/>\n<meta property=\"og:title\" content=\"Golden Volunteers - GoldenMe\" \/>\n<meta property=\"og:description\" content=\"[vc_row][vc_column][vc_custom_heading source=\u00a0\u00bbpost_title\u00a0\u00bb font_container=\u00a0\u00bbtag:h1|text_align:left\u00a0\u00bb use_theme_fonts=\u00a0\u00bbyes\u00a0\u00bb css_animation=\u00a0\u00bbbottom-to-top\u00a0\u00bb css=\u00a0\u00bb\u00a0\u00bb el_class=\u00a0\u00bbtext-4xl font-black\u00a0\u00bb][\/vc_column][\/vc_row][vc_row][vc_column][vc_empty_space height=\u00a0\u00bb25px\u00a0\u00bb][\/vc_column][\/vc_row][vc_row gap=\u00a0\u00bb35&Prime; equal_height=\u00a0\u00bbyes\u00a0\u00bb content_placement=\u00a0\u00bbmiddle\u00a0\u00bb][vc_column width=\u00a0\u00bb1\/2&Prime;][vc_custom_heading text=\u00a0\u00bbEn tant que GoldenVolunteer, tu n&amp;apos;as pas n\u00e9cessairement besoin d&amp;apos;une expertise approfondie dans le domaine du num\u00e9rique, mais surtout d&amp;apos;avoir le go\u00fbt d&amp;apos;aider les autres. Tu aides les personnes \u00e2g\u00e9es \u00e0 r\u00e9pondre \u00e0 leurs questions sur le quotidien num\u00e9rique, qu&amp;apos;il s&amp;apos;agisse de [&hellip;]\" \/>\n<meta property=\"og:url\" content=\"https:\/\/goldenme.lu\/fr\/notre-programme-de-benevolat\/golden-volunteers\/\" \/>\n<meta property=\"og:site_name\" content=\"GoldenMe\" \/>\n<meta property=\"article:publisher\" content=\"https:\/\/www.facebook.com\/GoldenMeLuxembourg\/\" \/>\n<meta property=\"article:modified_time\" content=\"2026-04-23T13:26:28+00:00\" \/>\n<meta name=\"twitter:card\" content=\"summary_large_image\" \/>\n<meta name=\"twitter:label1\" content=\"Dur\u00e9e de lecture estim\u00e9e\" \/>\n\t<meta name=\"twitter:data1\" content=\"2 minutes\" \/>\n<script type=\"application\/ld+json\" class=\"yoast-schema-graph\">{\"@context\":\"https:\\\/\\\/schema.org\",\"@graph\":[{\"@type\":\"WebPage\",\"@id\":\"https:\\\/\\\/goldenme.lu\\\/fr\\\/notre-programme-de-benevolat\\\/golden-volunteers\\\/\",\"url\":\"https:\\\/\\\/goldenme.lu\\\/fr\\\/notre-programme-de-benevolat\\\/golden-volunteers\\\/\",\"name\":\"Golden Volunteers - GoldenMe\",\"isPartOf\":{\"@id\":\"https:\\\/\\\/goldenme.lu\\\/fr\\\/#website\"},\"datePublished\":\"2025-07-30T07:17:07+00:00\",\"dateModified\":\"2026-04-23T13:26:28+00:00\",\"breadcrumb\":{\"@id\":\"https:\\\/\\\/goldenme.lu\\\/fr\\\/notre-programme-de-benevolat\\\/golden-volunteers\\\/#breadcrumb\"},\"inLanguage\":\"fr-FR\",\"potentialAction\":[{\"@type\":\"ReadAction\",\"target\":[\"https:\\\/\\\/goldenme.lu\\\/fr\\\/notre-programme-de-benevolat\\\/golden-volunteers\\\/\"]}]},{\"@type\":\"BreadcrumbList\",\"@id\":\"https:\\\/\\\/goldenme.lu\\\/fr\\\/notre-programme-de-benevolat\\\/golden-volunteers\\\/#breadcrumb\",\"itemListElement\":[{\"@type\":\"ListItem\",\"position\":1,\"name\":\"Startseite\",\"item\":\"https:\\\/\\\/goldenme.lu\\\/fr\\\/\"},{\"@type\":\"ListItem\",\"position\":2,\"name\":\"B\u00e9n\u00e9volat\",\"item\":\"https:\\\/\\\/goldenme.lu\\\/fr\\\/notre-programme-de-benevolat\\\/\"},{\"@type\":\"ListItem\",\"position\":3,\"name\":\"Golden Volunteers\"}]},{\"@type\":\"WebSite\",\"@id\":\"https:\\\/\\\/goldenme.lu\\\/fr\\\/#website\",\"url\":\"https:\\\/\\\/goldenme.lu\\\/fr\\\/\",\"name\":\"GoldenMe\",\"description\":\"\",\"publisher\":{\"@id\":\"https:\\\/\\\/goldenme.lu\\\/fr\\\/#organization\"},\"potentialAction\":[{\"@type\":\"SearchAction\",\"target\":{\"@type\":\"EntryPoint\",\"urlTemplate\":\"https:\\\/\\\/goldenme.lu\\\/fr\\\/?s={search_term_string}\"},\"query-input\":{\"@type\":\"PropertyValueSpecification\",\"valueRequired\":true,\"valueName\":\"search_term_string\"}}],\"inLanguage\":\"fr-FR\"},{\"@type\":\"Organization\",\"@id\":\"https:\\\/\\\/goldenme.lu\\\/fr\\\/#organization\",\"name\":\"GoldenMe\",\"url\":\"https:\\\/\\\/goldenme.lu\\\/fr\\\/\",\"logo\":{\"@type\":\"ImageObject\",\"inLanguage\":\"fr-FR\",\"@id\":\"https:\\\/\\\/goldenme.lu\\\/fr\\\/#\\\/schema\\\/logo\\\/image\\\/\",\"url\":\"https:\\\/\\\/goldenme.lu\\\/wp-content\\\/uploads\\\/2025\\\/07\\\/GM-Logo.png\",\"contentUrl\":\"https:\\\/\\\/goldenme.lu\\\/wp-content\\\/uploads\\\/2025\\\/07\\\/GM-Logo.png\",\"width\":565,\"height\":185,\"caption\":\"GoldenMe\"},\"image\":{\"@id\":\"https:\\\/\\\/goldenme.lu\\\/fr\\\/#\\\/schema\\\/logo\\\/image\\\/\"},\"sameAs\":[\"https:\\\/\\\/www.facebook.com\\\/GoldenMeLuxembourg\\\/\",\"https:\\\/\\\/www.instagram.com\\\/goldenmeluxembourg\"]}]}<\/script>\n<!-- \/ Yoast SEO plugin. -->","yoast_head_json":{"title":"Golden Volunteers - GoldenMe","robots":{"index":"index","follow":"follow","max-snippet":"max-snippet:-1","max-image-preview":"max-image-preview:large","max-video-preview":"max-video-preview:-1"},"canonical":"https:\/\/goldenme.lu\/fr\/notre-programme-de-benevolat\/golden-volunteers\/","og_locale":"fr_FR","og_type":"article","og_title":"Golden Volunteers - GoldenMe","og_description":"[vc_row][vc_column][vc_custom_heading source=\u00a0\u00bbpost_title\u00a0\u00bb font_container=\u00a0\u00bbtag:h1|text_align:left\u00a0\u00bb use_theme_fonts=\u00a0\u00bbyes\u00a0\u00bb css_animation=\u00a0\u00bbbottom-to-top\u00a0\u00bb css=\u00a0\u00bb\u00a0\u00bb el_class=\u00a0\u00bbtext-4xl font-black\u00a0\u00bb][\/vc_column][\/vc_row][vc_row][vc_column][vc_empty_space height=\u00a0\u00bb25px\u00a0\u00bb][\/vc_column][\/vc_row][vc_row gap=\u00a0\u00bb35&Prime; equal_height=\u00a0\u00bbyes\u00a0\u00bb content_placement=\u00a0\u00bbmiddle\u00a0\u00bb][vc_column width=\u00a0\u00bb1\/2&Prime;][vc_custom_heading text=\u00a0\u00bbEn tant que GoldenVolunteer, tu n&apos;as pas n\u00e9cessairement besoin d&apos;une expertise approfondie dans le domaine du num\u00e9rique, mais surtout d&apos;avoir le go\u00fbt d&apos;aider les autres. Tu aides les personnes \u00e2g\u00e9es \u00e0 r\u00e9pondre \u00e0 leurs questions sur le quotidien num\u00e9rique, qu&apos;il s&apos;agisse de [&hellip;]","og_url":"https:\/\/goldenme.lu\/fr\/notre-programme-de-benevolat\/golden-volunteers\/","og_site_name":"GoldenMe","article_publisher":"https:\/\/www.facebook.com\/GoldenMeLuxembourg\/","article_modified_time":"2026-04-23T13:26:28+00:00","twitter_card":"summary_large_image","twitter_misc":{"Dur\u00e9e de lecture estim\u00e9e":"2 minutes"},"schema":{"@context":"https:\/\/schema.org","@graph":[{"@type":"WebPage","@id":"https:\/\/goldenme.lu\/fr\/notre-programme-de-benevolat\/golden-volunteers\/","url":"https:\/\/goldenme.lu\/fr\/notre-programme-de-benevolat\/golden-volunteers\/","name":"Golden Volunteers - GoldenMe","isPartOf":{"@id":"https:\/\/goldenme.lu\/fr\/#website"},"datePublished":"2025-07-30T07:17:07+00:00","dateModified":"2026-04-23T13:26:28+00:00","breadcrumb":{"@id":"https:\/\/goldenme.lu\/fr\/notre-programme-de-benevolat\/golden-volunteers\/#breadcrumb"},"inLanguage":"fr-FR","potentialAction":[{"@type":"ReadAction","target":["https:\/\/goldenme.lu\/fr\/notre-programme-de-benevolat\/golden-volunteers\/"]}]},{"@type":"BreadcrumbList","@id":"https:\/\/goldenme.lu\/fr\/notre-programme-de-benevolat\/golden-volunteers\/#breadcrumb","itemListElement":[{"@type":"ListItem","position":1,"name":"Startseite","item":"https:\/\/goldenme.lu\/fr\/"},{"@type":"ListItem","position":2,"name":"B\u00e9n\u00e9volat","item":"https:\/\/goldenme.lu\/fr\/notre-programme-de-benevolat\/"},{"@type":"ListItem","position":3,"name":"Golden Volunteers"}]},{"@type":"WebSite","@id":"https:\/\/goldenme.lu\/fr\/#website","url":"https:\/\/goldenme.lu\/fr\/","name":"GoldenMe","description":"","publisher":{"@id":"https:\/\/goldenme.lu\/fr\/#organization"},"potentialAction":[{"@type":"SearchAction","target":{"@type":"EntryPoint","urlTemplate":"https:\/\/goldenme.lu\/fr\/?s={search_term_string}"},"query-input":{"@type":"PropertyValueSpecification","valueRequired":true,"valueName":"search_term_string"}}],"inLanguage":"fr-FR"},{"@type":"Organization","@id":"https:\/\/goldenme.lu\/fr\/#organization","name":"GoldenMe","url":"https:\/\/goldenme.lu\/fr\/","logo":{"@type":"ImageObject","inLanguage":"fr-FR","@id":"https:\/\/goldenme.lu\/fr\/#\/schema\/logo\/image\/","url":"https:\/\/goldenme.lu\/wp-content\/uploads\/2025\/07\/GM-Logo.png","contentUrl":"https:\/\/goldenme.lu\/wp-content\/uploads\/2025\/07\/GM-Logo.png","width":565,"height":185,"caption":"GoldenMe"},"image":{"@id":"https:\/\/goldenme.lu\/fr\/#\/schema\/logo\/image\/"},"sameAs":["https:\/\/www.facebook.com\/GoldenMeLuxembourg\/","https:\/\/www.instagram.com\/goldenmeluxembourg"]}]}},"_links":{"self":[{"href":"https:\/\/goldenme.lu\/fr\/wp-json\/wp\/v2\/pages\/913","targetHints":{"allow":["GET"]}}],"collection":[{"href":"https:\/\/goldenme.lu\/fr\/wp-json\/wp\/v2\/pages"}],"about":[{"href":"https:\/\/goldenme.lu\/fr\/wp-json\/wp\/v2\/types\/page"}],"author":[{"embeddable":true,"href":"https:\/\/goldenme.lu\/fr\/wp-json\/wp\/v2\/users\/1"}],"replies":[{"embeddable":true,"href":"https:\/\/goldenme.lu\/fr\/wp-json\/wp\/v2\/comments?post=913"}],"version-history":[{"count":23,"href":"https:\/\/goldenme.lu\/fr\/wp-json\/wp\/v2\/pages\/913\/revisions"}],"predecessor-version":[{"id":1888,"href":"https:\/\/goldenme.lu\/fr\/wp-json\/wp\/v2\/pages\/913\/revisions\/1888"}],"up":[{"embeddable":true,"href":"https:\/\/goldenme.lu\/fr\/wp-json\/wp\/v2\/pages\/900"}],"wp:attachment":[{"href":"https:\/\/goldenme.lu\/fr\/wp-json\/wp\/v2\/media?parent=913"}],"curies":[{"name":"wp","href":"https:\/\/api.w.org\/{rel}","templated":true}]}}