{"id":771,"date":"2025-07-30T09:17:27","date_gmt":"2025-07-30T07:17:27","guid":{"rendered":"https:\/\/goldenme.cuco.dev\/digital-mentors\/"},"modified":"2026-01-22T12:52:08","modified_gmt":"2026-01-22T11:52:08","slug":"digital-mentors","status":"publish","type":"page","link":"https:\/\/goldenme.lu\/fr\/notre-programme-de-benevolat\/digital-mentors\/","title":{"rendered":"Digital Mentors"},"content":{"rendered":"<div class=\"wpb-content-wrapper\"><p>[vc_row][vc_column][vc_custom_heading source=\u00a0\u00bbpost_title\u00a0\u00bb font_container=\u00a0\u00bbtag:h1|text_align:left\u00a0\u00bb use_theme_fonts=\u00a0\u00bbyes\u00a0\u00bb css_animation=\u00a0\u00bbbottom-to-top\u00a0\u00bb css=\u00a0\u00bb\u00a0\u00bb el_class=\u00a0\u00bbtext-4xl font-black\u00a0\u00bb][\/vc_column][\/vc_row][vc_row][vc_column][vc_empty_space height=\u00a0\u00bb25px\u00a0\u00bb][\/vc_column][\/vc_row][vc_row gap=\u00a0\u00bb35&Prime; equal_height=\u00a0\u00bbyes\u00a0\u00bb content_placement=\u00a0\u00bbmiddle\u00a0\u00bb][vc_column width=\u00a0\u00bb1\/2&Prime;][vc_custom_heading text=\u00a0\u00bbUn Digital Mentor poss\u00e8de de bonnes connaissances num\u00e9riques \u2013 \u00eatre expert\u00b7e n&apos;est pas n\u00e9cessaire. Le plus important, c\u2019est la volont\u00e9 d\u2019apprendre et d\u2019aider les autres \u00e0 franchir leurs premi\u00e8res \u00e9tapes dans le monde num\u00e9rique. L\u2019empathie et la patience sont essentielles, car chaque personne apprend \u00e0 son rythme. En tant que Digital Mentor, tu t\u2019engages sur le long terme pour favoriser l\u2019inclusion num\u00e9rique.    \u00a0\u00bb font_container=\u00a0\u00bbtag:p|font_size:24px|text_align:left|line_height:1.4&Prime; use_theme_fonts=\u00a0\u00bbyes\u00a0\u00bb css_animation=\u00a0\u00bbbottom-to-top\u00a0\u00bb css=\u00a0\u00bb\u00a0\u00bb][\/vc_column][vc_column width=\u00a0\u00bb1\/2&Prime;][vc_single_image image=\u00a0\u00bb634&Prime; img_size=\u00a0\u00bbfull\u00a0\u00bb css_animation=\u00a0\u00bbbottom-to-top\u00a0\u00bb css=\u00a0\u00bb\u00a0\u00bb][\/vc_column][\/vc_row][vc_row gap=\u00a0\u00bb35&Prime; css=\u00a0\u00bb.vc_custom_1765545480908{padding-top: 3% !important;padding-bottom: 3% !important;}\u00a0\u00bb][vc_column width=\u00a0\u00bb1\/2&Prime;][vc_custom_heading text=\u00a0\u00bbTa mission :\u00a0\u00bb font_container=\u00a0\u00bbtag:h3|font_size:26px|text_align:left\u00a0\u00bb use_theme_fonts=\u00a0\u00bbyes\u00a0\u00bb css_animation=\u00a0\u00bbbottom-to-top\u00a0\u00bb css=\u00a0\u00bb\u00a0\u00bb][vc_empty_space height=\u00a0\u00bb15px\u00a0\u00bb][vc_column_text css_animation=\u00a0\u00bbbottom-to-top\u00a0\u00bb css=\u00a0\u00bb\u00a0\u00bb]<b>SmartCaf\u00e9s : <\/b>Tu es pr\u00e9sent\u00b7e pour accompagner et soutenir les senior\u00b7e\u00b7s avec leurs questions num\u00e9riques, toujours \u00e0 l\u2019\u00e9coute de leurs besoins.<\/p>\n<p><b>SmartTalks et SmartWorkshops :<\/b><span class=\"Apple-converted-space\">  <\/span>En tant que Digital Mentor, tu peux animer des sessions de formation et partager tes connaissances. Nous te proposons des formations continues pour affiner tes comp\u00e9tences num\u00e9riques et p\u00e9dagogiques.[\/vc_column_text][\/vc_column][vc_column width=\u00a0\u00bb1\/2&Prime;][vc_custom_heading text=\u00a0\u00bbCe qui t\u2018attend :\u00a0\u00bb font_container=\u00a0\u00bbtag:h3|font_size:26px|text_align:left\u00a0\u00bb use_theme_fonts=\u00a0\u00bbyes\u00a0\u00bb css_animation=\u00a0\u00bbbottom-to-top\u00a0\u00bb css=\u00a0\u00bb\u00a0\u00bb][vc_empty_space height=\u00a0\u00bb15px\u00a0\u00bb][vc_column_text css_animation=\u00a0\u00bbbottom-to-top\u00a0\u00bb css=\u00a0\u00bb\u00a0\u00bb]Un contact direct : Tu accompagnes les personnes dans leurs d\u00e9marches et besoins num\u00e9riques et observes comment, progressivement, elles gagnent en confiance et en autonomie.<\/p>\n<p><b>Multiples opportunit\u00e9s : <\/b>En tant que Digital Mentor, tu peux animer des ateliers, donner des formations et \u00eatre impliqu\u00e9 dans le d\u00e9veloppement de nouveaux contenus. Cela te permet de gagner de pr\u00e9cieuses exp\u00e9riences pratiques et d\u2019approfondir tes comp\u00e9tences num\u00e9riques. <\/p>\n<p>Engagement flexible : Tu organises ton temps et ton implication selon ton emploi du temps. <\/p>\n<p><b>R\u00e9seau solide : <\/b>Tu fais partie d\u2019une communaut\u00e9 engag\u00e9e, o\u00f9 l\u2019\u00e9change, le partage et la croissance sont au c\u0153ur des relations.<\/p>\n<p><b>Formations continues : <\/b>Tu b\u00e9n\u00e9ficies d&rsquo;un acc\u00e8s gratuit \u00e0 la Formation de Base et aux formations continues sur des sujets num\u00e9riques et p\u00e9dagogiques \u2013 id\u00e9al pour enrichir continuellement tes connaissances.<\/p>\n<p><b>Certification: <\/b>Tu recevras un certificat qui reconna\u00eet ton engagement, un bel ajout \u00e0 ton CV ou simplement une reconnaissance de ton impact. \u00c0 noter qu&rsquo;il s&rsquo;agit d&rsquo;un certificat de b\u00e9n\u00e9volat et non d&rsquo;une qualification professionnelle officielle.[\/vc_column_text][\/vc_column][\/vc_row][vc_row css=\u00a0\u00bb.vc_custom_1757954796432{padding-top: 3% !important;padding-bottom: 3% !important;}\u00a0\u00bb][vc_column][vc_custom_heading text=\u00a0\u00bbComment devenir Digital Mentor ?\u00a0\u00bb font_container=\u00a0\u00bbtag:h3|font_size:26px|text_align:left\u00a0\u00bb use_theme_fonts=\u00a0\u00bbyes\u00a0\u00bb css_animation=\u00a0\u00bbbottom-to-top\u00a0\u00bb css=\u00a0\u00bb\u00a0\u00bb][vc_empty_space height=\u00a0\u00bb15px\u00a0\u00bb][vc_column_text css_animation=\u00a0\u00bbbottom-to-top\u00a0\u00bb css=\u00a0\u00bb\u00a0\u00bb]<strong>Formation de Base : <\/strong>Une introduction compl\u00e8te (6 heures r\u00e9parties sur 2 jours) \u00e0 l\u2019accompagnement num\u00e9rique \u2013 ton premier pas pour devenir Digital Mentor chez GoldenMe.<\/p>\n<p><strong>Formation continue : <\/strong>Participation \u00e0 au moins trois formations continues par an pour maintenir tes connaissances \u00e0 jour.[\/vc_column_text][\/vc_column][\/vc_row][vc_row equal_height=\u00a0\u00bbyes\u00a0\u00bb content_placement=\u00a0\u00bbmiddle\u00a0\u00bb css_animation=\u00a0\u00bbfadeIn\u00a0\u00bb css=\u00a0\u00bb.vc_custom_1765540226904{padding-top: 3% !important;padding-right: 3% !important;padding-bottom: 3% !important;padding-left: 3% !important;background-color: #FFFFFF80 !important;border-radius: 15px !important;}\u00a0\u00bb min_height=\u00a0\u00bb90&Prime;][vc_column css=\u00a0\u00bb.vc_custom_1765539993025{margin-top: 0px !important;padding-top: 0px !important;}\u00a0\u00bb][vc_row_inner equal_height=\u00a0\u00bbyes\u00a0\u00bb content_placement=\u00a0\u00bbmiddle\u00a0\u00bb css=\u00a0\u00bb.vc_custom_1765539518964{margin-top: 0px !important;margin-bottom: 0px !important;padding-top: 0px !important;padding-bottom: 0px !important;}\u00a0\u00bb][vc_column_inner width=\u00a0\u00bb3\/4&Prime; css=\u00a0\u00bb.vc_custom_1765539856393{margin-top: 0px !important;padding-top: 0px !important;border-radius: 15px !important;}\u00a0\u00bb][vc_custom_heading text=\u00a0\u00bbTu as des questions ou envie de t&apos;engager ?\u00a0\u00bb font_container=\u00a0\u00bbtag:h2|font_size:28px|text_align:left\u00a0\u00bb use_theme_fonts=\u00a0\u00bbyes\u00a0\u00bb css_animation=\u00a0\u00bbbottom-to-top\u00a0\u00bb css=\u00a0\u00bb.vc_custom_1765540538460{margin-bottom: 0px !important;}\u00a0\u00bb][vc_custom_heading text=\u00a0\u00bbN&apos;h\u00e9site pas \u00e0 nous contacter.\u00a0\u00bb font_container=\u00a0\u00bbtag:h2|font_size:28px|text_align:left\u00a0\u00bb use_theme_fonts=\u00a0\u00bbyes\u00a0\u00bb css_animation=\u00a0\u00bbbottom-to-top\u00a0\u00bb css=\u00a0\u00bb.vc_custom_1765540526597{margin-bottom: 0px !important;}\u00a0\u00bb][\/vc_column_inner][vc_column_inner width=\u00a0\u00bb1\/4&Prime; css=\u00a0\u00bb.vc_custom_1765539493364{margin-top: 0px !important;padding-top: 0px !important;}\u00a0\u00bb]\n    <div class=\"outer-button fit-content flex-reverse big\">\n        <a class=\"coolBeans leading-none\" href=\"\"\n           id=\"contact-base-form\"\n\t\t\t\t\t\t        >\n\t\t\tContacte-nous maintenant        <\/a>\n    <\/div>\n\n\t[\/vc_column_inner][\/vc_row_inner][\/vc_column][\/vc_row][vc_row min_height=\u00a0\u00bb90&Prime;][vc_column][\/vc_column][\/vc_row]<\/p>\n<\/div>","protected":false},"excerpt":{"rendered":"<p>[vc_row][vc_column][vc_custom_heading source=\u00a0\u00bbpost_title\u00a0\u00bb font_container=\u00a0\u00bbtag:h1|text_align:left\u00a0\u00bb use_theme_fonts=\u00a0\u00bbyes\u00a0\u00bb css_animation=\u00a0\u00bbbottom-to-top\u00a0\u00bb css=\u00a0\u00bb\u00a0\u00bb el_class=\u00a0\u00bbtext-4xl font-black\u00a0\u00bb][\/vc_column][\/vc_row][vc_row][vc_column][vc_empty_space height=\u00a0\u00bb25px\u00a0\u00bb][\/vc_column][\/vc_row][vc_row gap=\u00a0\u00bb35&Prime; equal_height=\u00a0\u00bbyes\u00a0\u00bb content_placement=\u00a0\u00bbmiddle\u00a0\u00bb][vc_column width=\u00a0\u00bb1\/2&Prime;][vc_custom_heading text=\u00a0\u00bbUn Digital Mentor poss\u00e8de de bonnes connaissances num\u00e9riques \u2013 \u00eatre expert\u00b7e n&apos;est pas n\u00e9cessaire. Le plus important, c\u2019est la volont\u00e9 d\u2019apprendre et d\u2019aider les autres \u00e0 franchir leurs premi\u00e8res \u00e9tapes dans le monde num\u00e9rique. L\u2019empathie et la patience sont essentielles, car chaque [&hellip;]<\/p>\n","protected":false},"author":1,"featured_media":0,"parent":900,"menu_order":0,"comment_status":"closed","ping_status":"closed","template":"","meta":{"_acf_changed":false,"footnotes":""},"class_list":["post-771","page","type-page","status-publish","hentry"],"acf":[],"yoast_head":"<!-- This site is optimized with the Yoast SEO plugin v27.4 - https:\/\/yoast.com\/product\/yoast-seo-wordpress\/ -->\n<title>Digital Mentors - GoldenMe<\/title>\n<meta name=\"robots\" content=\"index, follow, max-snippet:-1, max-image-preview:large, max-video-preview:-1\" \/>\n<link rel=\"canonical\" href=\"https:\/\/goldenme.lu\/fr\/notre-programme-de-benevolat\/digital-mentors\/\" \/>\n<meta property=\"og:locale\" content=\"fr_FR\" \/>\n<meta property=\"og:type\" content=\"article\" \/>\n<meta property=\"og:title\" content=\"Digital Mentors - GoldenMe\" \/>\n<meta property=\"og:description\" content=\"[vc_row][vc_column][vc_custom_heading source=\u00a0\u00bbpost_title\u00a0\u00bb font_container=\u00a0\u00bbtag:h1|text_align:left\u00a0\u00bb use_theme_fonts=\u00a0\u00bbyes\u00a0\u00bb css_animation=\u00a0\u00bbbottom-to-top\u00a0\u00bb css=\u00a0\u00bb\u00a0\u00bb el_class=\u00a0\u00bbtext-4xl font-black\u00a0\u00bb][\/vc_column][\/vc_row][vc_row][vc_column][vc_empty_space height=\u00a0\u00bb25px\u00a0\u00bb][\/vc_column][\/vc_row][vc_row gap=\u00a0\u00bb35&Prime; equal_height=\u00a0\u00bbyes\u00a0\u00bb content_placement=\u00a0\u00bbmiddle\u00a0\u00bb][vc_column width=\u00a0\u00bb1\/2&Prime;][vc_custom_heading text=\u00a0\u00bbUn Digital Mentor poss\u00e8de de bonnes connaissances num\u00e9riques \u2013 \u00eatre expert\u00b7e n&amp;apos;est pas n\u00e9cessaire. Le plus important, c\u2019est la volont\u00e9 d\u2019apprendre et d\u2019aider les autres \u00e0 franchir leurs premi\u00e8res \u00e9tapes dans le monde num\u00e9rique. L\u2019empathie et la patience sont essentielles, car chaque [&hellip;]\" \/>\n<meta property=\"og:url\" content=\"https:\/\/goldenme.lu\/fr\/notre-programme-de-benevolat\/digital-mentors\/\" \/>\n<meta property=\"og:site_name\" content=\"GoldenMe\" \/>\n<meta property=\"article:publisher\" content=\"https:\/\/www.facebook.com\/GoldenMeLuxembourg\/\" \/>\n<meta property=\"article:modified_time\" content=\"2026-01-22T11:52:08+00:00\" \/>\n<meta name=\"twitter:card\" content=\"summary_large_image\" \/>\n<meta name=\"twitter:label1\" content=\"Dur\u00e9e de lecture estim\u00e9e\" \/>\n\t<meta name=\"twitter:data1\" content=\"4 minutes\" \/>\n<script type=\"application\/ld+json\" class=\"yoast-schema-graph\">{\"@context\":\"https:\\\/\\\/schema.org\",\"@graph\":[{\"@type\":\"WebPage\",\"@id\":\"https:\\\/\\\/goldenme.lu\\\/fr\\\/notre-programme-de-benevolat\\\/digital-mentors\\\/\",\"url\":\"https:\\\/\\\/goldenme.lu\\\/fr\\\/notre-programme-de-benevolat\\\/digital-mentors\\\/\",\"name\":\"Digital Mentors - GoldenMe\",\"isPartOf\":{\"@id\":\"https:\\\/\\\/goldenme.lu\\\/fr\\\/#website\"},\"datePublished\":\"2025-07-30T07:17:27+00:00\",\"dateModified\":\"2026-01-22T11:52:08+00:00\",\"breadcrumb\":{\"@id\":\"https:\\\/\\\/goldenme.lu\\\/fr\\\/notre-programme-de-benevolat\\\/digital-mentors\\\/#breadcrumb\"},\"inLanguage\":\"fr-FR\",\"potentialAction\":[{\"@type\":\"ReadAction\",\"target\":[\"https:\\\/\\\/goldenme.lu\\\/fr\\\/notre-programme-de-benevolat\\\/digital-mentors\\\/\"]}]},{\"@type\":\"BreadcrumbList\",\"@id\":\"https:\\\/\\\/goldenme.lu\\\/fr\\\/notre-programme-de-benevolat\\\/digital-mentors\\\/#breadcrumb\",\"itemListElement\":[{\"@type\":\"ListItem\",\"position\":1,\"name\":\"Startseite\",\"item\":\"https:\\\/\\\/goldenme.lu\\\/fr\\\/\"},{\"@type\":\"ListItem\",\"position\":2,\"name\":\"B\u00e9n\u00e9volat\",\"item\":\"https:\\\/\\\/goldenme.lu\\\/fr\\\/notre-programme-de-benevolat\\\/\"},{\"@type\":\"ListItem\",\"position\":3,\"name\":\"Digital Mentors\"}]},{\"@type\":\"WebSite\",\"@id\":\"https:\\\/\\\/goldenme.lu\\\/fr\\\/#website\",\"url\":\"https:\\\/\\\/goldenme.lu\\\/fr\\\/\",\"name\":\"GoldenMe\",\"description\":\"\",\"publisher\":{\"@id\":\"https:\\\/\\\/goldenme.lu\\\/fr\\\/#organization\"},\"potentialAction\":[{\"@type\":\"SearchAction\",\"target\":{\"@type\":\"EntryPoint\",\"urlTemplate\":\"https:\\\/\\\/goldenme.lu\\\/fr\\\/?s={search_term_string}\"},\"query-input\":{\"@type\":\"PropertyValueSpecification\",\"valueRequired\":true,\"valueName\":\"search_term_string\"}}],\"inLanguage\":\"fr-FR\"},{\"@type\":\"Organization\",\"@id\":\"https:\\\/\\\/goldenme.lu\\\/fr\\\/#organization\",\"name\":\"GoldenMe\",\"url\":\"https:\\\/\\\/goldenme.lu\\\/fr\\\/\",\"logo\":{\"@type\":\"ImageObject\",\"inLanguage\":\"fr-FR\",\"@id\":\"https:\\\/\\\/goldenme.lu\\\/fr\\\/#\\\/schema\\\/logo\\\/image\\\/\",\"url\":\"https:\\\/\\\/goldenme.lu\\\/wp-content\\\/uploads\\\/2025\\\/07\\\/GM-Logo.png\",\"contentUrl\":\"https:\\\/\\\/goldenme.lu\\\/wp-content\\\/uploads\\\/2025\\\/07\\\/GM-Logo.png\",\"width\":565,\"height\":185,\"caption\":\"GoldenMe\"},\"image\":{\"@id\":\"https:\\\/\\\/goldenme.lu\\\/fr\\\/#\\\/schema\\\/logo\\\/image\\\/\"},\"sameAs\":[\"https:\\\/\\\/www.facebook.com\\\/GoldenMeLuxembourg\\\/\",\"https:\\\/\\\/www.instagram.com\\\/goldenmeluxembourg\"]}]}<\/script>\n<!-- \/ Yoast SEO plugin. -->","yoast_head_json":{"title":"Digital Mentors - GoldenMe","robots":{"index":"index","follow":"follow","max-snippet":"max-snippet:-1","max-image-preview":"max-image-preview:large","max-video-preview":"max-video-preview:-1"},"canonical":"https:\/\/goldenme.lu\/fr\/notre-programme-de-benevolat\/digital-mentors\/","og_locale":"fr_FR","og_type":"article","og_title":"Digital Mentors - GoldenMe","og_description":"[vc_row][vc_column][vc_custom_heading source=\u00a0\u00bbpost_title\u00a0\u00bb font_container=\u00a0\u00bbtag:h1|text_align:left\u00a0\u00bb use_theme_fonts=\u00a0\u00bbyes\u00a0\u00bb css_animation=\u00a0\u00bbbottom-to-top\u00a0\u00bb css=\u00a0\u00bb\u00a0\u00bb el_class=\u00a0\u00bbtext-4xl font-black\u00a0\u00bb][\/vc_column][\/vc_row][vc_row][vc_column][vc_empty_space height=\u00a0\u00bb25px\u00a0\u00bb][\/vc_column][\/vc_row][vc_row gap=\u00a0\u00bb35&Prime; equal_height=\u00a0\u00bbyes\u00a0\u00bb content_placement=\u00a0\u00bbmiddle\u00a0\u00bb][vc_column width=\u00a0\u00bb1\/2&Prime;][vc_custom_heading text=\u00a0\u00bbUn Digital Mentor poss\u00e8de de bonnes connaissances num\u00e9riques \u2013 \u00eatre expert\u00b7e n&apos;est pas n\u00e9cessaire. Le plus important, c\u2019est la volont\u00e9 d\u2019apprendre et d\u2019aider les autres \u00e0 franchir leurs premi\u00e8res \u00e9tapes dans le monde num\u00e9rique. L\u2019empathie et la patience sont essentielles, car chaque [&hellip;]","og_url":"https:\/\/goldenme.lu\/fr\/notre-programme-de-benevolat\/digital-mentors\/","og_site_name":"GoldenMe","article_publisher":"https:\/\/www.facebook.com\/GoldenMeLuxembourg\/","article_modified_time":"2026-01-22T11:52:08+00:00","twitter_card":"summary_large_image","twitter_misc":{"Dur\u00e9e de lecture estim\u00e9e":"4 minutes"},"schema":{"@context":"https:\/\/schema.org","@graph":[{"@type":"WebPage","@id":"https:\/\/goldenme.lu\/fr\/notre-programme-de-benevolat\/digital-mentors\/","url":"https:\/\/goldenme.lu\/fr\/notre-programme-de-benevolat\/digital-mentors\/","name":"Digital Mentors - GoldenMe","isPartOf":{"@id":"https:\/\/goldenme.lu\/fr\/#website"},"datePublished":"2025-07-30T07:17:27+00:00","dateModified":"2026-01-22T11:52:08+00:00","breadcrumb":{"@id":"https:\/\/goldenme.lu\/fr\/notre-programme-de-benevolat\/digital-mentors\/#breadcrumb"},"inLanguage":"fr-FR","potentialAction":[{"@type":"ReadAction","target":["https:\/\/goldenme.lu\/fr\/notre-programme-de-benevolat\/digital-mentors\/"]}]},{"@type":"BreadcrumbList","@id":"https:\/\/goldenme.lu\/fr\/notre-programme-de-benevolat\/digital-mentors\/#breadcrumb","itemListElement":[{"@type":"ListItem","position":1,"name":"Startseite","item":"https:\/\/goldenme.lu\/fr\/"},{"@type":"ListItem","position":2,"name":"B\u00e9n\u00e9volat","item":"https:\/\/goldenme.lu\/fr\/notre-programme-de-benevolat\/"},{"@type":"ListItem","position":3,"name":"Digital Mentors"}]},{"@type":"WebSite","@id":"https:\/\/goldenme.lu\/fr\/#website","url":"https:\/\/goldenme.lu\/fr\/","name":"GoldenMe","description":"","publisher":{"@id":"https:\/\/goldenme.lu\/fr\/#organization"},"potentialAction":[{"@type":"SearchAction","target":{"@type":"EntryPoint","urlTemplate":"https:\/\/goldenme.lu\/fr\/?s={search_term_string}"},"query-input":{"@type":"PropertyValueSpecification","valueRequired":true,"valueName":"search_term_string"}}],"inLanguage":"fr-FR"},{"@type":"Organization","@id":"https:\/\/goldenme.lu\/fr\/#organization","name":"GoldenMe","url":"https:\/\/goldenme.lu\/fr\/","logo":{"@type":"ImageObject","inLanguage":"fr-FR","@id":"https:\/\/goldenme.lu\/fr\/#\/schema\/logo\/image\/","url":"https:\/\/goldenme.lu\/wp-content\/uploads\/2025\/07\/GM-Logo.png","contentUrl":"https:\/\/goldenme.lu\/wp-content\/uploads\/2025\/07\/GM-Logo.png","width":565,"height":185,"caption":"GoldenMe"},"image":{"@id":"https:\/\/goldenme.lu\/fr\/#\/schema\/logo\/image\/"},"sameAs":["https:\/\/www.facebook.com\/GoldenMeLuxembourg\/","https:\/\/www.instagram.com\/goldenmeluxembourg"]}]}},"_links":{"self":[{"href":"https:\/\/goldenme.lu\/fr\/wp-json\/wp\/v2\/pages\/771","targetHints":{"allow":["GET"]}}],"collection":[{"href":"https:\/\/goldenme.lu\/fr\/wp-json\/wp\/v2\/pages"}],"about":[{"href":"https:\/\/goldenme.lu\/fr\/wp-json\/wp\/v2\/types\/page"}],"author":[{"embeddable":true,"href":"https:\/\/goldenme.lu\/fr\/wp-json\/wp\/v2\/users\/1"}],"replies":[{"embeddable":true,"href":"https:\/\/goldenme.lu\/fr\/wp-json\/wp\/v2\/comments?post=771"}],"version-history":[{"count":18,"href":"https:\/\/goldenme.lu\/fr\/wp-json\/wp\/v2\/pages\/771\/revisions"}],"predecessor-version":[{"id":1389,"href":"https:\/\/goldenme.lu\/fr\/wp-json\/wp\/v2\/pages\/771\/revisions\/1389"}],"up":[{"embeddable":true,"href":"https:\/\/goldenme.lu\/fr\/wp-json\/wp\/v2\/pages\/900"}],"wp:attachment":[{"href":"https:\/\/goldenme.lu\/fr\/wp-json\/wp\/v2\/media?parent=771"}],"curies":[{"name":"wp","href":"https:\/\/api.w.org\/{rel}","templated":true}]}}