{"id":703,"date":"2025-07-15T11:58:35","date_gmt":"2025-07-15T09:58:35","guid":{"rendered":"https:\/\/goldenme.cuco.dev\/mediatheque\/"},"modified":"2026-01-22T12:53:03","modified_gmt":"2026-01-22T11:53:03","slug":"mediatheque","status":"publish","type":"page","link":"https:\/\/goldenme.lu\/fr\/mediatheque\/","title":{"rendered":"M\u00e9diath\u00e8que"},"content":{"rendered":"<div class=\"wpb-content-wrapper\"><p>[vc_row][vc_column][vc_custom_heading text=\u00a0\u00bbM\u00e9diath\u00e8que\u00a0\u00bb font_container=\u00a0\u00bbtag:h1|text_align:left\u00a0\u00bb use_theme_fonts=\u00a0\u00bbyes\u00a0\u00bb css_animation=\u00a0\u00bbbottom-to-top\u00a0\u00bb css=\u00a0\u00bb\u00a0\u00bb el_class=\u00a0\u00bbtext-4xl font-black\u00a0\u00bb][\/vc_column][\/vc_row][vc_row][vc_column][vc_empty_space height=\u00a0\u00bb25px\u00a0\u00bb][\/vc_column][\/vc_row][vc_row][vc_column][vc_column_text css_animation=\u00a0\u00bbbottom-to-top\u00a0\u00bb css=\u00a0\u00bb\u00a0\u00bb]<\/p>\n<p class=\"p1\">Dans notre m\u00e9diath\u00e8que, vous trouverez des documents utiles pour mieux comprendre le num\u00e9rique. Il y a, par exemple, des fiches pratiques de nos SmartTalks, des vid\u00e9os explicatives et d&rsquo;autres supports pens\u00e9s pour vous aider au quotidien. Vous pouvez les regarder en ligne ou les t\u00e9l\u00e9charger gratuitement et en toute s\u00e9curit\u00e9. <br \/>Tous ces contenus sont l\u00e0 pour vous accompagner, \u00e9tape par \u00e9tape, dans l\u2019usage du num\u00e9rique<\/p>\n<p>[\/vc_column_text][\/vc_column][\/vc_row][vc_row css_animation=\u00a0\u00bbfadeIn\u00a0\u00bb css=\u00a0\u00bb.vc_custom_1765538646765{margin-top: 30px !important;}\u00a0\u00bb][vc_column][vc_custom_heading text=\u00a0\u00bbDocuments\u00a0\u00bb use_theme_fonts=\u00a0\u00bbyes\u00a0\u00bb css_animation=\u00a0\u00bbbottom-to-top\u00a0\u00bb css=\u00a0\u00bb\u00a0\u00bb el_class=\u00a0\u00bbtext-2xl font-bold\u00a0\u00bb]\r\n    <div class=\"media-library mb-10\">\r\n        <div class=\"loading-spinner-wrapper\">\r\n            <span class=\"loader\" data-loader=\"grid-69ebe6fa2274a\"><\/span>\r\n            <div id=\"media-grid-grid-69ebe6fa2274a\"\r\n                 class=\"grid grid-cols-1 md:grid-cols-2 lg:grid-cols-4 gap-4\"><\/div>\r\n        <\/div>\r\n    <\/div>\r\n\r\n    <script>\r\n        jQuery(document).ready(function () {\r\n\r\n            \/\/Global Variables\r\n            let limit = 12; \/\/Infinite Scroll Load Per Request\r\n            let offset = 0;\r\n            let loadingInProgress = false;\r\n            let complete = false;\r\n            let type = 'DOCUMENTS';\r\n            let metaQuery = {};\r\n            let uniqueId = 'grid-69ebe6fa2274a';\r\n            let buttonText = 'Download';\r\n            let buttonIcon = '<svg class=\"size-[24px]\" width=\"20\" height=\"24\" viewBox=\"0 0 20 24\" fill=\"none\" xmlns=\"http:\/\/www.w3.org\/2000\/svg\"> <path d=\"M5 3L19 12L5 21V3Z\" stroke=\"black\" stroke-width=\"2\" stroke-linecap=\"round\" stroke-linejoin=\"round\"\/> <\/svg>';\r\n            let closeIcon = '';\r\n            let templateItemName = 'document-item';\r\n\r\n            \/\/Initial Load\r\n            loadMedia();\r\n\r\n            \/\/\r\n            \/\/ jQuery(window).scroll(function () {\r\n            \/\/     if ((jQuery(window).scrollTop() + jQuery(window).height()) >= jQuery('.cc-publications-ajax-wrapper').height())\r\n            \/\/         loadPublications();\r\n            \/\/ });\r\n\r\n            jQuery('body').on('click', '.video-item a', function (e) {\r\n                e.preventDefault();\r\n                let $this = jQuery(this);\r\n                let videoId = $this.data('video-id');\r\n                jQuery(\"#video-popup-\" + videoId + \".custom-model-main\").addClass('model-open');\r\n            });\r\n\r\n            jQuery('body').on('click', \".close-btn, .bg-overlay, a.close\", function (e) {\r\n                e.preventDefault();\r\n                jQuery(\".custom-model-main\").removeClass('model-open');\r\n                jQuery('video').each(function () {\r\n                    this.pause();\r\n                    this.currentTime = 0;\r\n                });\r\n            });\r\n\r\n            function loadMedia() {\r\n\r\n                if (complete) return;\r\n\r\n                if (!loadingInProgress) {\r\n\r\n                    cc_loaderAnimation(uniqueId, true);\r\n                    loadingInProgress = true;\r\n\r\n                    \/\/Load Events\r\n                    let promise = sendMediaRequest();\r\n\r\n                    promise.success(function (data) {\r\n                        if (!data || offset + limit >= data.additionalData.total) {\r\n                            complete = true;\r\n                        } else {\r\n                            offset += limit;\r\n                        }\r\n\r\n                        loadingInProgress = false;\r\n                        cc_loaderAnimation(uniqueId, false);\r\n                    });\r\n                }\r\n            }\r\n\r\n            function sendMediaRequest() {\r\n\r\n                if (type === 'DOCUMENTS') {\r\n                    metaQuery = {\r\n                        key: 'type',\r\n                        compare: '=',\r\n                        value: 'Document',\r\n                    };\r\n                } else {\r\n                    metaQuery = {\r\n                        key: 'type',\r\n                        compare: '=',\r\n                        value: 'Video',\r\n                    };\r\n                }\r\n\r\n                return cc_performPostRequest({\r\n                    count: limit,\r\n                    postType: 'media-item',\r\n                    showLoaderAnimation: true,\r\n                    metaQuery: metaQuery,\r\n                    offset: offset,\r\n                    wantPublishDate: true,\r\n                    wantCustomFields: ['file', 'sub-heading'],\r\n                    wantPostThumbnail: 'medium',\r\n                    successCB: function (result) {\r\n\r\n                        if (result.data !== undefined && result.data.length !== 0) {\r\n\r\n                            let template_path = _theme_directory + '\/includes\/golden-me\/media-library\/templates\/';\r\n                            let item = '';\r\n                            let output = jQuery('#media-grid-' + uniqueId);\r\n\r\n                            jQuery.Mustache.load(template_path + 'item_0_03.html').done(function () {\r\n\r\n                                jQuery.each(result.data, function (key, obj) {\r\n                                    obj.buttonText = buttonText;\r\n                                    obj.buttonIcon = buttonIcon;\r\n                                    obj.closeIcon = closeIcon;\r\n                                    item = jQuery.Mustache.render(templateItemName, obj);\r\n                                    output.append(item);\r\n\r\n                                });\/\/each item\r\n\r\n                            });\/\/mustache\r\n\r\n\r\n                        } else {\r\n                            cc_debug(\"Now what?\");\r\n                            return null;\r\n                        }\r\n                    }\r\n                });\r\n            }\r\n\r\n        });\r\n    <\/script>\r\n\r\n\t[\/vc_column][\/vc_row][vc_row css_animation=\u00a0\u00bbfadeIn\u00a0\u00bb css=\u00a0\u00bb.vc_custom_1765538664287{margin-top: 30px !important;}\u00a0\u00bb][vc_column][vc_custom_heading text=\u00a0\u00bbVid\u00e9os\u00a0\u00bb use_theme_fonts=\u00a0\u00bbyes\u00a0\u00bb css_animation=\u00a0\u00bbbottom-to-top\u00a0\u00bb css=\u00a0\u00bb\u00a0\u00bb el_class=\u00a0\u00bbtext-2xl font-bold\u00a0\u00bb]\r\n    <div class=\"media-library mb-10\">\r\n        <div class=\"loading-spinner-wrapper\">\r\n            <span class=\"loader\" data-loader=\"grid-69ebe6fa22885\"><\/span>\r\n            <div id=\"media-grid-grid-69ebe6fa22885\"\r\n                 class=\"grid grid-cols-1 md:grid-cols-3 gap-4\"><\/div>\r\n        <\/div>\r\n    <\/div>\r\n\r\n    <script>\r\n        jQuery(document).ready(function () {\r\n\r\n            \/\/Global Variables\r\n            let limit = 12; \/\/Infinite Scroll Load Per Request\r\n            let offset = 0;\r\n            let loadingInProgress = false;\r\n            let complete = false;\r\n            let type = 'VIDEOS';\r\n            let metaQuery = {};\r\n            let uniqueId = 'grid-69ebe6fa22885';\r\n            let buttonText = 'Close';\r\n            let buttonIcon = '<svg class=\"\" width=\"20\" height=\"24\" viewBox=\"0 0 20 24\" fill=\"none\" xmlns=\"http:\/\/www.w3.org\/2000\/svg\"> <path d=\"M5 3L19 12L5 21V3Z\" stroke=\"black\" stroke-width=\"2\" stroke-linecap=\"round\" stroke-linejoin=\"round\"\/> <\/svg>';\r\n            let closeIcon = '<svg class=\"\" width=\"16\" height=\"16\" viewBox=\"0 0 16 16\" fill=\"none\" xmlns=\"http:\/\/www.w3.org\/2000\/svg\"> <path fill-rule=\"evenodd\" clip-rule=\"evenodd\" d=\"M4.70711 3.29289C4.31658 2.90237 3.68342 2.90237 3.29289 3.29289C2.90237 3.68342 2.90237 4.31658 3.29289 4.70711L6.58579 8L3.29289 11.2929C2.90237 11.6834 2.90237 12.3166 3.29289 12.7071C3.68342 13.0976 4.31658 13.0976 4.70711 12.7071L8 9.41421L11.2929 12.7071C11.6834 13.0976 12.3166 13.0976 12.7071 12.7071C13.0976 12.3166 13.0976 11.6834 12.7071 11.2929L9.41421 8L12.7071 4.70711C13.0976 4.31658 13.0976 3.68342 12.7071 3.29289C12.3166 2.90237 11.6834 2.90237 11.2929 3.29289L8 6.58579L4.70711 3.29289Z\" fill=\"#1D1D1B\"\/> <\/svg>';\r\n            let templateItemName = 'video-item';\r\n\r\n            \/\/Initial Load\r\n            loadMedia();\r\n\r\n            \/\/\r\n            \/\/ jQuery(window).scroll(function () {\r\n            \/\/     if ((jQuery(window).scrollTop() + jQuery(window).height()) >= jQuery('.cc-publications-ajax-wrapper').height())\r\n            \/\/         loadPublications();\r\n            \/\/ });\r\n\r\n            jQuery('body').on('click', '.video-item a', function (e) {\r\n                e.preventDefault();\r\n                let $this = jQuery(this);\r\n                let videoId = $this.data('video-id');\r\n                jQuery(\"#video-popup-\" + videoId + \".custom-model-main\").addClass('model-open');\r\n            });\r\n\r\n            jQuery('body').on('click', \".close-btn, .bg-overlay, a.close\", function (e) {\r\n                e.preventDefault();\r\n                jQuery(\".custom-model-main\").removeClass('model-open');\r\n                jQuery('video').each(function () {\r\n                    this.pause();\r\n                    this.currentTime = 0;\r\n                });\r\n            });\r\n\r\n            function loadMedia() {\r\n\r\n                if (complete) return;\r\n\r\n                if (!loadingInProgress) {\r\n\r\n                    cc_loaderAnimation(uniqueId, true);\r\n                    loadingInProgress = true;\r\n\r\n                    \/\/Load Events\r\n                    let promise = sendMediaRequest();\r\n\r\n                    promise.success(function (data) {\r\n                        if (!data || offset + limit >= data.additionalData.total) {\r\n                            complete = true;\r\n                        } else {\r\n                            offset += limit;\r\n                        }\r\n\r\n                        loadingInProgress = false;\r\n                        cc_loaderAnimation(uniqueId, false);\r\n                    });\r\n                }\r\n            }\r\n\r\n            function sendMediaRequest() {\r\n\r\n                if (type === 'DOCUMENTS') {\r\n                    metaQuery = {\r\n                        key: 'type',\r\n                        compare: '=',\r\n                        value: 'Document',\r\n                    };\r\n                } else {\r\n                    metaQuery = {\r\n                        key: 'type',\r\n                        compare: '=',\r\n                        value: 'Video',\r\n                    };\r\n                }\r\n\r\n                return cc_performPostRequest({\r\n                    count: limit,\r\n                    postType: 'media-item',\r\n                    showLoaderAnimation: true,\r\n                    metaQuery: metaQuery,\r\n                    offset: offset,\r\n                    wantPublishDate: true,\r\n                    wantCustomFields: ['file', 'sub-heading'],\r\n                    wantPostThumbnail: 'medium',\r\n                    successCB: function (result) {\r\n\r\n                        if (result.data !== undefined && result.data.length !== 0) {\r\n\r\n                            let template_path = _theme_directory + '\/includes\/golden-me\/media-library\/templates\/';\r\n                            let item = '';\r\n                            let output = jQuery('#media-grid-' + uniqueId);\r\n\r\n                            jQuery.Mustache.load(template_path + 'item_0_03.html').done(function () {\r\n\r\n                                jQuery.each(result.data, function (key, obj) {\r\n                                    obj.buttonText = buttonText;\r\n                                    obj.buttonIcon = buttonIcon;\r\n                                    obj.closeIcon = closeIcon;\r\n                                    item = jQuery.Mustache.render(templateItemName, obj);\r\n                                    output.append(item);\r\n\r\n                                });\/\/each item\r\n\r\n                            });\/\/mustache\r\n\r\n\r\n                        } else {\r\n                            cc_debug(\"Now what?\");\r\n                            return null;\r\n                        }\r\n                    }\r\n                });\r\n            }\r\n\r\n        });\r\n    <\/script>\r\n\r\n\t[\/vc_column][\/vc_row][vc_row min_height=\u00a0\u00bb90&Prime;][vc_column][\/vc_column][\/vc_row]<\/p>\n<\/div>","protected":false},"excerpt":{"rendered":"<p>[vc_row][vc_column][vc_custom_heading text=\u00a0\u00bbM\u00e9diath\u00e8que\u00a0\u00bb font_container=\u00a0\u00bbtag:h1|text_align:left\u00a0\u00bb use_theme_fonts=\u00a0\u00bbyes\u00a0\u00bb css_animation=\u00a0\u00bbbottom-to-top\u00a0\u00bb css=\u00a0\u00bb\u00a0\u00bb el_class=\u00a0\u00bbtext-4xl font-black\u00a0\u00bb][\/vc_column][\/vc_row][vc_row][vc_column][vc_empty_space height=\u00a0\u00bb25px\u00a0\u00bb][\/vc_column][\/vc_row][vc_row][vc_column][vc_column_text css_animation=\u00a0\u00bbbottom-to-top\u00a0\u00bb css=\u00a0\u00bb\u00a0\u00bb] Dans notre m\u00e9diath\u00e8que, vous trouverez des documents utiles pour mieux comprendre le num\u00e9rique. Il y a, par exemple, des fiches pratiques de nos SmartTalks, des vid\u00e9os explicatives et d&rsquo;autres supports pens\u00e9s pour vous aider au quotidien. Vous pouvez les regarder en ligne ou les [&hellip;]<\/p>\n","protected":false},"author":1,"featured_media":0,"parent":0,"menu_order":0,"comment_status":"closed","ping_status":"closed","template":"","meta":{"_acf_changed":false,"footnotes":""},"class_list":["post-703","page","type-page","status-publish","hentry"],"acf":[],"yoast_head":"<!-- This site is optimized with the Yoast SEO plugin v27.4 - https:\/\/yoast.com\/product\/yoast-seo-wordpress\/ -->\n<title>M\u00e9diath\u00e8que - GoldenMe<\/title>\n<meta name=\"robots\" content=\"index, follow, max-snippet:-1, max-image-preview:large, max-video-preview:-1\" \/>\n<link rel=\"canonical\" href=\"https:\/\/goldenme.lu\/fr\/mediatheque\/\" \/>\n<meta property=\"og:locale\" content=\"fr_FR\" \/>\n<meta property=\"og:type\" content=\"article\" \/>\n<meta property=\"og:title\" content=\"M\u00e9diath\u00e8que - GoldenMe\" \/>\n<meta property=\"og:description\" content=\"[vc_row][vc_column][vc_custom_heading text=\u00a0\u00bbM\u00e9diath\u00e8que\u00a0\u00bb font_container=\u00a0\u00bbtag:h1|text_align:left\u00a0\u00bb use_theme_fonts=\u00a0\u00bbyes\u00a0\u00bb css_animation=\u00a0\u00bbbottom-to-top\u00a0\u00bb css=\u00a0\u00bb\u00a0\u00bb el_class=\u00a0\u00bbtext-4xl font-black\u00a0\u00bb][\/vc_column][\/vc_row][vc_row][vc_column][vc_empty_space height=\u00a0\u00bb25px\u00a0\u00bb][\/vc_column][\/vc_row][vc_row][vc_column][vc_column_text css_animation=\u00a0\u00bbbottom-to-top\u00a0\u00bb css=\u00a0\u00bb\u00a0\u00bb] Dans notre m\u00e9diath\u00e8que, vous trouverez des documents utiles pour mieux comprendre le num\u00e9rique. Il y a, par exemple, des fiches pratiques de nos SmartTalks, des vid\u00e9os explicatives et d&rsquo;autres supports pens\u00e9s pour vous aider au quotidien. Vous pouvez les regarder en ligne ou les [&hellip;]\" \/>\n<meta property=\"og:url\" content=\"https:\/\/goldenme.lu\/fr\/mediatheque\/\" \/>\n<meta property=\"og:site_name\" content=\"GoldenMe\" \/>\n<meta property=\"article:publisher\" content=\"https:\/\/www.facebook.com\/GoldenMeLuxembourg\/\" \/>\n<meta property=\"article:modified_time\" content=\"2026-01-22T11:53:03+00:00\" \/>\n<meta name=\"twitter:card\" content=\"summary_large_image\" \/>\n<meta name=\"twitter:label1\" content=\"Dur\u00e9e de lecture estim\u00e9e\" \/>\n\t<meta name=\"twitter:data1\" content=\"1 minute\" \/>\n<script type=\"application\/ld+json\" class=\"yoast-schema-graph\">{\"@context\":\"https:\\\/\\\/schema.org\",\"@graph\":[{\"@type\":\"WebPage\",\"@id\":\"https:\\\/\\\/goldenme.lu\\\/fr\\\/mediatheque\\\/\",\"url\":\"https:\\\/\\\/goldenme.lu\\\/fr\\\/mediatheque\\\/\",\"name\":\"M\u00e9diath\u00e8que - GoldenMe\",\"isPartOf\":{\"@id\":\"https:\\\/\\\/goldenme.lu\\\/fr\\\/#website\"},\"datePublished\":\"2025-07-15T09:58:35+00:00\",\"dateModified\":\"2026-01-22T11:53:03+00:00\",\"breadcrumb\":{\"@id\":\"https:\\\/\\\/goldenme.lu\\\/fr\\\/mediatheque\\\/#breadcrumb\"},\"inLanguage\":\"fr-FR\",\"potentialAction\":[{\"@type\":\"ReadAction\",\"target\":[\"https:\\\/\\\/goldenme.lu\\\/fr\\\/mediatheque\\\/\"]}]},{\"@type\":\"BreadcrumbList\",\"@id\":\"https:\\\/\\\/goldenme.lu\\\/fr\\\/mediatheque\\\/#breadcrumb\",\"itemListElement\":[{\"@type\":\"ListItem\",\"position\":1,\"name\":\"Startseite\",\"item\":\"https:\\\/\\\/goldenme.lu\\\/fr\\\/\"},{\"@type\":\"ListItem\",\"position\":2,\"name\":\"M\u00e9diath\u00e8que\"}]},{\"@type\":\"WebSite\",\"@id\":\"https:\\\/\\\/goldenme.lu\\\/fr\\\/#website\",\"url\":\"https:\\\/\\\/goldenme.lu\\\/fr\\\/\",\"name\":\"GoldenMe\",\"description\":\"\",\"publisher\":{\"@id\":\"https:\\\/\\\/goldenme.lu\\\/fr\\\/#organization\"},\"potentialAction\":[{\"@type\":\"SearchAction\",\"target\":{\"@type\":\"EntryPoint\",\"urlTemplate\":\"https:\\\/\\\/goldenme.lu\\\/fr\\\/?s={search_term_string}\"},\"query-input\":{\"@type\":\"PropertyValueSpecification\",\"valueRequired\":true,\"valueName\":\"search_term_string\"}}],\"inLanguage\":\"fr-FR\"},{\"@type\":\"Organization\",\"@id\":\"https:\\\/\\\/goldenme.lu\\\/fr\\\/#organization\",\"name\":\"GoldenMe\",\"url\":\"https:\\\/\\\/goldenme.lu\\\/fr\\\/\",\"logo\":{\"@type\":\"ImageObject\",\"inLanguage\":\"fr-FR\",\"@id\":\"https:\\\/\\\/goldenme.lu\\\/fr\\\/#\\\/schema\\\/logo\\\/image\\\/\",\"url\":\"https:\\\/\\\/goldenme.lu\\\/wp-content\\\/uploads\\\/2025\\\/07\\\/GM-Logo.png\",\"contentUrl\":\"https:\\\/\\\/goldenme.lu\\\/wp-content\\\/uploads\\\/2025\\\/07\\\/GM-Logo.png\",\"width\":565,\"height\":185,\"caption\":\"GoldenMe\"},\"image\":{\"@id\":\"https:\\\/\\\/goldenme.lu\\\/fr\\\/#\\\/schema\\\/logo\\\/image\\\/\"},\"sameAs\":[\"https:\\\/\\\/www.facebook.com\\\/GoldenMeLuxembourg\\\/\",\"https:\\\/\\\/www.instagram.com\\\/goldenmeluxembourg\"]}]}<\/script>\n<!-- \/ Yoast SEO plugin. -->","yoast_head_json":{"title":"M\u00e9diath\u00e8que - GoldenMe","robots":{"index":"index","follow":"follow","max-snippet":"max-snippet:-1","max-image-preview":"max-image-preview:large","max-video-preview":"max-video-preview:-1"},"canonical":"https:\/\/goldenme.lu\/fr\/mediatheque\/","og_locale":"fr_FR","og_type":"article","og_title":"M\u00e9diath\u00e8que - GoldenMe","og_description":"[vc_row][vc_column][vc_custom_heading text=\u00a0\u00bbM\u00e9diath\u00e8que\u00a0\u00bb font_container=\u00a0\u00bbtag:h1|text_align:left\u00a0\u00bb use_theme_fonts=\u00a0\u00bbyes\u00a0\u00bb css_animation=\u00a0\u00bbbottom-to-top\u00a0\u00bb css=\u00a0\u00bb\u00a0\u00bb el_class=\u00a0\u00bbtext-4xl font-black\u00a0\u00bb][\/vc_column][\/vc_row][vc_row][vc_column][vc_empty_space height=\u00a0\u00bb25px\u00a0\u00bb][\/vc_column][\/vc_row][vc_row][vc_column][vc_column_text css_animation=\u00a0\u00bbbottom-to-top\u00a0\u00bb css=\u00a0\u00bb\u00a0\u00bb] Dans notre m\u00e9diath\u00e8que, vous trouverez des documents utiles pour mieux comprendre le num\u00e9rique. Il y a, par exemple, des fiches pratiques de nos SmartTalks, des vid\u00e9os explicatives et d&rsquo;autres supports pens\u00e9s pour vous aider au quotidien. Vous pouvez les regarder en ligne ou les [&hellip;]","og_url":"https:\/\/goldenme.lu\/fr\/mediatheque\/","og_site_name":"GoldenMe","article_publisher":"https:\/\/www.facebook.com\/GoldenMeLuxembourg\/","article_modified_time":"2026-01-22T11:53:03+00:00","twitter_card":"summary_large_image","twitter_misc":{"Dur\u00e9e de lecture estim\u00e9e":"1 minute"},"schema":{"@context":"https:\/\/schema.org","@graph":[{"@type":"WebPage","@id":"https:\/\/goldenme.lu\/fr\/mediatheque\/","url":"https:\/\/goldenme.lu\/fr\/mediatheque\/","name":"M\u00e9diath\u00e8que - GoldenMe","isPartOf":{"@id":"https:\/\/goldenme.lu\/fr\/#website"},"datePublished":"2025-07-15T09:58:35+00:00","dateModified":"2026-01-22T11:53:03+00:00","breadcrumb":{"@id":"https:\/\/goldenme.lu\/fr\/mediatheque\/#breadcrumb"},"inLanguage":"fr-FR","potentialAction":[{"@type":"ReadAction","target":["https:\/\/goldenme.lu\/fr\/mediatheque\/"]}]},{"@type":"BreadcrumbList","@id":"https:\/\/goldenme.lu\/fr\/mediatheque\/#breadcrumb","itemListElement":[{"@type":"ListItem","position":1,"name":"Startseite","item":"https:\/\/goldenme.lu\/fr\/"},{"@type":"ListItem","position":2,"name":"M\u00e9diath\u00e8que"}]},{"@type":"WebSite","@id":"https:\/\/goldenme.lu\/fr\/#website","url":"https:\/\/goldenme.lu\/fr\/","name":"GoldenMe","description":"","publisher":{"@id":"https:\/\/goldenme.lu\/fr\/#organization"},"potentialAction":[{"@type":"SearchAction","target":{"@type":"EntryPoint","urlTemplate":"https:\/\/goldenme.lu\/fr\/?s={search_term_string}"},"query-input":{"@type":"PropertyValueSpecification","valueRequired":true,"valueName":"search_term_string"}}],"inLanguage":"fr-FR"},{"@type":"Organization","@id":"https:\/\/goldenme.lu\/fr\/#organization","name":"GoldenMe","url":"https:\/\/goldenme.lu\/fr\/","logo":{"@type":"ImageObject","inLanguage":"fr-FR","@id":"https:\/\/goldenme.lu\/fr\/#\/schema\/logo\/image\/","url":"https:\/\/goldenme.lu\/wp-content\/uploads\/2025\/07\/GM-Logo.png","contentUrl":"https:\/\/goldenme.lu\/wp-content\/uploads\/2025\/07\/GM-Logo.png","width":565,"height":185,"caption":"GoldenMe"},"image":{"@id":"https:\/\/goldenme.lu\/fr\/#\/schema\/logo\/image\/"},"sameAs":["https:\/\/www.facebook.com\/GoldenMeLuxembourg\/","https:\/\/www.instagram.com\/goldenmeluxembourg"]}]}},"_links":{"self":[{"href":"https:\/\/goldenme.lu\/fr\/wp-json\/wp\/v2\/pages\/703","targetHints":{"allow":["GET"]}}],"collection":[{"href":"https:\/\/goldenme.lu\/fr\/wp-json\/wp\/v2\/pages"}],"about":[{"href":"https:\/\/goldenme.lu\/fr\/wp-json\/wp\/v2\/types\/page"}],"author":[{"embeddable":true,"href":"https:\/\/goldenme.lu\/fr\/wp-json\/wp\/v2\/users\/1"}],"replies":[{"embeddable":true,"href":"https:\/\/goldenme.lu\/fr\/wp-json\/wp\/v2\/comments?post=703"}],"version-history":[{"count":4,"href":"https:\/\/goldenme.lu\/fr\/wp-json\/wp\/v2\/pages\/703\/revisions"}],"predecessor-version":[{"id":1391,"href":"https:\/\/goldenme.lu\/fr\/wp-json\/wp\/v2\/pages\/703\/revisions\/1391"}],"wp:attachment":[{"href":"https:\/\/goldenme.lu\/fr\/wp-json\/wp\/v2\/media?parent=703"}],"curies":[{"name":"wp","href":"https:\/\/api.w.org\/{rel}","templated":true}]}}