{"id":690,"date":"2025-07-30T09:38:36","date_gmt":"2025-07-30T07:38:36","guid":{"rendered":"https:\/\/goldenme.cuco.dev\/a-propos-de-nous\/mission\/"},"modified":"2026-04-24T11:27:24","modified_gmt":"2026-04-24T09:27:24","slug":"mission","status":"publish","type":"page","link":"https:\/\/goldenme.lu\/fr\/a-propos-de-nous\/mission\/","title":{"rendered":"Mission et vision"},"content":{"rendered":"<div class=\"wpb-content-wrapper\"><p>[vc_row gap=\u00a0\u00bb35&Prime; equal_height=\u00a0\u00bbyes\u00a0\u00bb content_placement=\u00a0\u00bbmiddle\u00a0\u00bb css=\u00a0\u00bb.vc_custom_1765469573209{padding-top: 5% !important;padding-right: 5% !important;padding-bottom: 5% !important;padding-left: 5% !important;background-image: url(https:\/\/goldenme.lu\/wp-content\/uploads\/2025\/09\/goldensmile.png?id=477) !important;background-position: 0 0 !important;background-repeat: no-repeat !important;}\u00a0\u00bb el_class=\u00a0\u00bbhero-section\u00a0\u00bb min_height=\u00a0\u00bb353px\u00a0\u00bb][vc_column css_animation=\u00a0\u00bbfadeIn\u00a0\u00bb][vc_column_text css_animation=\u00a0\u00bbbottom-to-top\u00a0\u00bb css=\u00a0\u00bb\u00a0\u00bb el_class=\u00a0\u00bbentry-txt-block\u00a0\u00bb]<\/p>\n<h2 style=\"text-align: center;\">\u00ab\u00a0Notre <span style=\"color: #ad8200;\">vision<\/span> est celle d&rsquo;une soci\u00e9t\u00e9 o\u00f9 la <span style=\"color: #ad8200;\">technologie num\u00e9rique<\/span> est accessible et utile \u00e0 toutes et tous, <span style=\"color: #e7ac00;\">quel que soit l&rsquo;\u00e2ge.\u00a0\u00bb<\/span><\/h2>\n<p>[\/vc_column_text][\/vc_column][\/vc_row][vc_row gap=\u00a0\u00bb35&Prime; equal_height=\u00a0\u00bbyes\u00a0\u00bb content_placement=\u00a0\u00bbmiddle\u00a0\u00bb css=\u00a0\u00bb.vc_custom_1765534579818{padding-top: 35px !important;}\u00a0\u00bb][vc_column css_animation=\u00a0\u00bbfadeIn\u00a0\u00bb width=\u00a0\u00bb1\/2&Prime;][vc_custom_heading text=\u00a0\u00bbNotre mission\u00a0\u00bb font_container=\u00a0\u00bbtag:h1|text_align:left\u00a0\u00bb use_theme_fonts=\u00a0\u00bbyes\u00a0\u00bb css_animation=\u00a0\u00bbbottom-to-top\u00a0\u00bb css=\u00a0\u00bb\u00a0\u00bb el_class=\u00a0\u00bbtext-4xl font-black\u00a0\u00bb][vc_empty_space height=\u00a0\u00bb25px\u00a0\u00bb][vc_column_text css_animation=\u00a0\u00bbbottom-to-top\u00a0\u00bb css=\u00a0\u00bb\u00a0\u00bb]<\/p>\n<p class=\"p1\">GoldenMe est une asbl qui met \u00e0 disposition des informations et une vari\u00e9t\u00e9 d\u2019offres \u00e9ducatives visant \u00e0 aider les senior\u00b7e\u00b7s (50+) \u00e0 acqu\u00e9rir des comp\u00e9tences num\u00e9riques. Notre mission est de favoriser l&rsquo;inclusion digitale de toutes et de tous ind\u00e9pendamment de l\u2019\u00e2ge.<\/p>\n<p>[\/vc_column_text][\/vc_column][vc_column css_animation=\u00a0\u00bbfadeIn\u00a0\u00bb width=\u00a0\u00bb1\/2&Prime;][vc_single_image image=\u00a0\u00bb634&Prime; img_size=\u00a0\u00bbfull\u00a0\u00bb css_animation=\u00a0\u00bbbottom-to-top\u00a0\u00bb css=\u00a0\u00bb\u00a0\u00bb][\/vc_column][\/vc_row][vc_row min_height=\u00a0\u00bb90&Prime;][vc_column][\/vc_column][\/vc_row]<\/p>\n<\/div>","protected":false},"excerpt":{"rendered":"<p>[vc_row gap=\u00a0\u00bb35&Prime; equal_height=\u00a0\u00bbyes\u00a0\u00bb content_placement=\u00a0\u00bbmiddle\u00a0\u00bb css=\u00a0\u00bb.vc_custom_1765469573209{padding-top: 5% !important;padding-right: 5% !important;padding-bottom: 5% !important;padding-left: 5% !important;background-image: url(https:\/\/goldenme.lu\/wp-content\/uploads\/2025\/09\/goldensmile.png?id=477) !important;background-position: 0 0 !important;background-repeat: no-repeat !important;}\u00a0\u00bb el_class=\u00a0\u00bbhero-section\u00a0\u00bb min_height=\u00a0\u00bb353px\u00a0\u00bb][vc_column css_animation=\u00a0\u00bbfadeIn\u00a0\u00bb][vc_column_text css_animation=\u00a0\u00bbbottom-to-top\u00a0\u00bb css=\u00a0\u00bb\u00a0\u00bb el_class=\u00a0\u00bbentry-txt-block\u00a0\u00bb] \u00ab\u00a0Notre vision est celle d&rsquo;une soci\u00e9t\u00e9 o\u00f9 la technologie num\u00e9rique est accessible et utile \u00e0 toutes et tous, quel que soit l&rsquo;\u00e2ge.\u00a0\u00bb [\/vc_column_text][\/vc_column][\/vc_row][vc_row gap=\u00a0\u00bb35&Prime; equal_height=\u00a0\u00bbyes\u00a0\u00bb content_placement=\u00a0\u00bbmiddle\u00a0\u00bb css=\u00a0\u00bb.vc_custom_1765534579818{padding-top: 35px !important;}\u00a0\u00bb][vc_column [&hellip;]<\/p>\n","protected":false},"author":1,"featured_media":1415,"parent":680,"menu_order":0,"comment_status":"closed","ping_status":"closed","template":"","meta":{"_acf_changed":false,"footnotes":""},"class_list":["post-690","page","type-page","status-publish","has-post-thumbnail","hentry"],"acf":[],"yoast_head":"<!-- This site is optimized with the Yoast SEO plugin v27.4 - https:\/\/yoast.com\/product\/yoast-seo-wordpress\/ -->\n<title>Mission et vision - GoldenMe<\/title>\n<meta name=\"robots\" content=\"index, follow, max-snippet:-1, max-image-preview:large, max-video-preview:-1\" \/>\n<link rel=\"canonical\" href=\"https:\/\/goldenme.lu\/fr\/a-propos-de-nous\/mission\/\" \/>\n<meta property=\"og:locale\" content=\"fr_FR\" \/>\n<meta property=\"og:type\" content=\"article\" \/>\n<meta property=\"og:title\" content=\"Mission et vision - GoldenMe\" \/>\n<meta property=\"og:description\" content=\"[vc_row gap=\u00a0\u00bb35&Prime; equal_height=\u00a0\u00bbyes\u00a0\u00bb content_placement=\u00a0\u00bbmiddle\u00a0\u00bb css=\u00a0\u00bb.vc_custom_1765469573209{padding-top: 5% !important;padding-right: 5% !important;padding-bottom: 5% !important;padding-left: 5% !important;background-image: url(https:\/\/goldenme.lu\/wp-content\/uploads\/2025\/09\/goldensmile.png?id=477) !important;background-position: 0 0 !important;background-repeat: no-repeat !important;}\u00a0\u00bb el_class=\u00a0\u00bbhero-section\u00a0\u00bb min_height=\u00a0\u00bb353px\u00a0\u00bb][vc_column css_animation=\u00a0\u00bbfadeIn\u00a0\u00bb][vc_column_text css_animation=\u00a0\u00bbbottom-to-top\u00a0\u00bb css=\u00a0\u00bb\u00a0\u00bb el_class=\u00a0\u00bbentry-txt-block\u00a0\u00bb] \u00ab\u00a0Notre vision est celle d&rsquo;une soci\u00e9t\u00e9 o\u00f9 la technologie num\u00e9rique est accessible et utile \u00e0 toutes et tous, quel que soit l&rsquo;\u00e2ge.\u00a0\u00bb [\/vc_column_text][\/vc_column][\/vc_row][vc_row gap=\u00a0\u00bb35&Prime; equal_height=\u00a0\u00bbyes\u00a0\u00bb content_placement=\u00a0\u00bbmiddle\u00a0\u00bb css=\u00a0\u00bb.vc_custom_1765534579818{padding-top: 35px !important;}\u00a0\u00bb][vc_column [&hellip;]\" \/>\n<meta property=\"og:url\" content=\"https:\/\/goldenme.lu\/fr\/a-propos-de-nous\/mission\/\" \/>\n<meta property=\"og:site_name\" content=\"GoldenMe\" \/>\n<meta property=\"article:publisher\" content=\"https:\/\/www.facebook.com\/GoldenMeLuxembourg\/\" \/>\n<meta property=\"article:modified_time\" content=\"2026-04-24T09:27:24+00:00\" \/>\n<meta property=\"og:image\" content=\"https:\/\/goldenme.lu\/wp-content\/uploads\/2026\/01\/gm-icon-vision_mission.png\" \/>\n\t<meta property=\"og:image:width\" content=\"2560\" \/>\n\t<meta property=\"og:image:height\" content=\"1505\" \/>\n\t<meta property=\"og:image:type\" content=\"image\/png\" \/>\n<meta name=\"twitter:card\" content=\"summary_large_image\" \/>\n<meta name=\"twitter:label1\" content=\"Dur\u00e9e de lecture estim\u00e9e\" \/>\n\t<meta name=\"twitter:data1\" content=\"1 minute\" \/>\n<script type=\"application\/ld+json\" class=\"yoast-schema-graph\">{\"@context\":\"https:\\\/\\\/schema.org\",\"@graph\":[{\"@type\":\"WebPage\",\"@id\":\"https:\\\/\\\/goldenme.lu\\\/fr\\\/a-propos-de-nous\\\/mission\\\/\",\"url\":\"https:\\\/\\\/goldenme.lu\\\/fr\\\/a-propos-de-nous\\\/mission\\\/\",\"name\":\"Mission et vision - GoldenMe\",\"isPartOf\":{\"@id\":\"https:\\\/\\\/goldenme.lu\\\/fr\\\/#website\"},\"primaryImageOfPage\":{\"@id\":\"https:\\\/\\\/goldenme.lu\\\/fr\\\/a-propos-de-nous\\\/mission\\\/#primaryimage\"},\"image\":{\"@id\":\"https:\\\/\\\/goldenme.lu\\\/fr\\\/a-propos-de-nous\\\/mission\\\/#primaryimage\"},\"thumbnailUrl\":\"https:\\\/\\\/goldenme.lu\\\/wp-content\\\/uploads\\\/2026\\\/01\\\/gm-icon-vision_mission.png\",\"datePublished\":\"2025-07-30T07:38:36+00:00\",\"dateModified\":\"2026-04-24T09:27:24+00:00\",\"breadcrumb\":{\"@id\":\"https:\\\/\\\/goldenme.lu\\\/fr\\\/a-propos-de-nous\\\/mission\\\/#breadcrumb\"},\"inLanguage\":\"fr-FR\",\"potentialAction\":[{\"@type\":\"ReadAction\",\"target\":[\"https:\\\/\\\/goldenme.lu\\\/fr\\\/a-propos-de-nous\\\/mission\\\/\"]}]},{\"@type\":\"ImageObject\",\"inLanguage\":\"fr-FR\",\"@id\":\"https:\\\/\\\/goldenme.lu\\\/fr\\\/a-propos-de-nous\\\/mission\\\/#primaryimage\",\"url\":\"https:\\\/\\\/goldenme.lu\\\/wp-content\\\/uploads\\\/2026\\\/01\\\/gm-icon-vision_mission.png\",\"contentUrl\":\"https:\\\/\\\/goldenme.lu\\\/wp-content\\\/uploads\\\/2026\\\/01\\\/gm-icon-vision_mission.png\",\"width\":2560,\"height\":1505},{\"@type\":\"BreadcrumbList\",\"@id\":\"https:\\\/\\\/goldenme.lu\\\/fr\\\/a-propos-de-nous\\\/mission\\\/#breadcrumb\",\"itemListElement\":[{\"@type\":\"ListItem\",\"position\":1,\"name\":\"Startseite\",\"item\":\"https:\\\/\\\/goldenme.lu\\\/fr\\\/\"},{\"@type\":\"ListItem\",\"position\":2,\"name\":\"\u00c0 propos de nous\",\"item\":\"https:\\\/\\\/goldenme.lu\\\/fr\\\/a-propos-de-nous\\\/\"},{\"@type\":\"ListItem\",\"position\":3,\"name\":\"Mission et vision\"}]},{\"@type\":\"WebSite\",\"@id\":\"https:\\\/\\\/goldenme.lu\\\/fr\\\/#website\",\"url\":\"https:\\\/\\\/goldenme.lu\\\/fr\\\/\",\"name\":\"GoldenMe\",\"description\":\"\",\"publisher\":{\"@id\":\"https:\\\/\\\/goldenme.lu\\\/fr\\\/#organization\"},\"potentialAction\":[{\"@type\":\"SearchAction\",\"target\":{\"@type\":\"EntryPoint\",\"urlTemplate\":\"https:\\\/\\\/goldenme.lu\\\/fr\\\/?s={search_term_string}\"},\"query-input\":{\"@type\":\"PropertyValueSpecification\",\"valueRequired\":true,\"valueName\":\"search_term_string\"}}],\"inLanguage\":\"fr-FR\"},{\"@type\":\"Organization\",\"@id\":\"https:\\\/\\\/goldenme.lu\\\/fr\\\/#organization\",\"name\":\"GoldenMe\",\"url\":\"https:\\\/\\\/goldenme.lu\\\/fr\\\/\",\"logo\":{\"@type\":\"ImageObject\",\"inLanguage\":\"fr-FR\",\"@id\":\"https:\\\/\\\/goldenme.lu\\\/fr\\\/#\\\/schema\\\/logo\\\/image\\\/\",\"url\":\"https:\\\/\\\/goldenme.lu\\\/wp-content\\\/uploads\\\/2025\\\/07\\\/GM-Logo.png\",\"contentUrl\":\"https:\\\/\\\/goldenme.lu\\\/wp-content\\\/uploads\\\/2025\\\/07\\\/GM-Logo.png\",\"width\":565,\"height\":185,\"caption\":\"GoldenMe\"},\"image\":{\"@id\":\"https:\\\/\\\/goldenme.lu\\\/fr\\\/#\\\/schema\\\/logo\\\/image\\\/\"},\"sameAs\":[\"https:\\\/\\\/www.facebook.com\\\/GoldenMeLuxembourg\\\/\",\"https:\\\/\\\/www.instagram.com\\\/goldenmeluxembourg\"]}]}<\/script>\n<!-- \/ Yoast SEO plugin. -->","yoast_head_json":{"title":"Mission et vision - GoldenMe","robots":{"index":"index","follow":"follow","max-snippet":"max-snippet:-1","max-image-preview":"max-image-preview:large","max-video-preview":"max-video-preview:-1"},"canonical":"https:\/\/goldenme.lu\/fr\/a-propos-de-nous\/mission\/","og_locale":"fr_FR","og_type":"article","og_title":"Mission et vision - GoldenMe","og_description":"[vc_row gap=\u00a0\u00bb35&Prime; equal_height=\u00a0\u00bbyes\u00a0\u00bb content_placement=\u00a0\u00bbmiddle\u00a0\u00bb css=\u00a0\u00bb.vc_custom_1765469573209{padding-top: 5% !important;padding-right: 5% !important;padding-bottom: 5% !important;padding-left: 5% !important;background-image: url(https:\/\/goldenme.lu\/wp-content\/uploads\/2025\/09\/goldensmile.png?id=477) !important;background-position: 0 0 !important;background-repeat: no-repeat !important;}\u00a0\u00bb el_class=\u00a0\u00bbhero-section\u00a0\u00bb min_height=\u00a0\u00bb353px\u00a0\u00bb][vc_column css_animation=\u00a0\u00bbfadeIn\u00a0\u00bb][vc_column_text css_animation=\u00a0\u00bbbottom-to-top\u00a0\u00bb css=\u00a0\u00bb\u00a0\u00bb el_class=\u00a0\u00bbentry-txt-block\u00a0\u00bb] \u00ab\u00a0Notre vision est celle d&rsquo;une soci\u00e9t\u00e9 o\u00f9 la technologie num\u00e9rique est accessible et utile \u00e0 toutes et tous, quel que soit l&rsquo;\u00e2ge.\u00a0\u00bb [\/vc_column_text][\/vc_column][\/vc_row][vc_row gap=\u00a0\u00bb35&Prime; equal_height=\u00a0\u00bbyes\u00a0\u00bb content_placement=\u00a0\u00bbmiddle\u00a0\u00bb css=\u00a0\u00bb.vc_custom_1765534579818{padding-top: 35px !important;}\u00a0\u00bb][vc_column [&hellip;]","og_url":"https:\/\/goldenme.lu\/fr\/a-propos-de-nous\/mission\/","og_site_name":"GoldenMe","article_publisher":"https:\/\/www.facebook.com\/GoldenMeLuxembourg\/","article_modified_time":"2026-04-24T09:27:24+00:00","og_image":[{"width":2560,"height":1505,"url":"https:\/\/goldenme.lu\/wp-content\/uploads\/2026\/01\/gm-icon-vision_mission.png","type":"image\/png"}],"twitter_card":"summary_large_image","twitter_misc":{"Dur\u00e9e de lecture estim\u00e9e":"1 minute"},"schema":{"@context":"https:\/\/schema.org","@graph":[{"@type":"WebPage","@id":"https:\/\/goldenme.lu\/fr\/a-propos-de-nous\/mission\/","url":"https:\/\/goldenme.lu\/fr\/a-propos-de-nous\/mission\/","name":"Mission et vision - GoldenMe","isPartOf":{"@id":"https:\/\/goldenme.lu\/fr\/#website"},"primaryImageOfPage":{"@id":"https:\/\/goldenme.lu\/fr\/a-propos-de-nous\/mission\/#primaryimage"},"image":{"@id":"https:\/\/goldenme.lu\/fr\/a-propos-de-nous\/mission\/#primaryimage"},"thumbnailUrl":"https:\/\/goldenme.lu\/wp-content\/uploads\/2026\/01\/gm-icon-vision_mission.png","datePublished":"2025-07-30T07:38:36+00:00","dateModified":"2026-04-24T09:27:24+00:00","breadcrumb":{"@id":"https:\/\/goldenme.lu\/fr\/a-propos-de-nous\/mission\/#breadcrumb"},"inLanguage":"fr-FR","potentialAction":[{"@type":"ReadAction","target":["https:\/\/goldenme.lu\/fr\/a-propos-de-nous\/mission\/"]}]},{"@type":"ImageObject","inLanguage":"fr-FR","@id":"https:\/\/goldenme.lu\/fr\/a-propos-de-nous\/mission\/#primaryimage","url":"https:\/\/goldenme.lu\/wp-content\/uploads\/2026\/01\/gm-icon-vision_mission.png","contentUrl":"https:\/\/goldenme.lu\/wp-content\/uploads\/2026\/01\/gm-icon-vision_mission.png","width":2560,"height":1505},{"@type":"BreadcrumbList","@id":"https:\/\/goldenme.lu\/fr\/a-propos-de-nous\/mission\/#breadcrumb","itemListElement":[{"@type":"ListItem","position":1,"name":"Startseite","item":"https:\/\/goldenme.lu\/fr\/"},{"@type":"ListItem","position":2,"name":"\u00c0 propos de nous","item":"https:\/\/goldenme.lu\/fr\/a-propos-de-nous\/"},{"@type":"ListItem","position":3,"name":"Mission et vision"}]},{"@type":"WebSite","@id":"https:\/\/goldenme.lu\/fr\/#website","url":"https:\/\/goldenme.lu\/fr\/","name":"GoldenMe","description":"","publisher":{"@id":"https:\/\/goldenme.lu\/fr\/#organization"},"potentialAction":[{"@type":"SearchAction","target":{"@type":"EntryPoint","urlTemplate":"https:\/\/goldenme.lu\/fr\/?s={search_term_string}"},"query-input":{"@type":"PropertyValueSpecification","valueRequired":true,"valueName":"search_term_string"}}],"inLanguage":"fr-FR"},{"@type":"Organization","@id":"https:\/\/goldenme.lu\/fr\/#organization","name":"GoldenMe","url":"https:\/\/goldenme.lu\/fr\/","logo":{"@type":"ImageObject","inLanguage":"fr-FR","@id":"https:\/\/goldenme.lu\/fr\/#\/schema\/logo\/image\/","url":"https:\/\/goldenme.lu\/wp-content\/uploads\/2025\/07\/GM-Logo.png","contentUrl":"https:\/\/goldenme.lu\/wp-content\/uploads\/2025\/07\/GM-Logo.png","width":565,"height":185,"caption":"GoldenMe"},"image":{"@id":"https:\/\/goldenme.lu\/fr\/#\/schema\/logo\/image\/"},"sameAs":["https:\/\/www.facebook.com\/GoldenMeLuxembourg\/","https:\/\/www.instagram.com\/goldenmeluxembourg"]}]}},"_links":{"self":[{"href":"https:\/\/goldenme.lu\/fr\/wp-json\/wp\/v2\/pages\/690","targetHints":{"allow":["GET"]}}],"collection":[{"href":"https:\/\/goldenme.lu\/fr\/wp-json\/wp\/v2\/pages"}],"about":[{"href":"https:\/\/goldenme.lu\/fr\/wp-json\/wp\/v2\/types\/page"}],"author":[{"embeddable":true,"href":"https:\/\/goldenme.lu\/fr\/wp-json\/wp\/v2\/users\/1"}],"replies":[{"embeddable":true,"href":"https:\/\/goldenme.lu\/fr\/wp-json\/wp\/v2\/comments?post=690"}],"version-history":[{"count":51,"href":"https:\/\/goldenme.lu\/fr\/wp-json\/wp\/v2\/pages\/690\/revisions"}],"predecessor-version":[{"id":1977,"href":"https:\/\/goldenme.lu\/fr\/wp-json\/wp\/v2\/pages\/690\/revisions\/1977"}],"up":[{"embeddable":true,"href":"https:\/\/goldenme.lu\/fr\/wp-json\/wp\/v2\/pages\/680"}],"wp:featuredmedia":[{"embeddable":true,"href":"https:\/\/goldenme.lu\/fr\/wp-json\/wp\/v2\/media\/1415"}],"wp:attachment":[{"href":"https:\/\/goldenme.lu\/fr\/wp-json\/wp\/v2\/media?parent=690"}],"curies":[{"name":"wp","href":"https:\/\/api.w.org\/{rel}","templated":true}]}}