{"id":684,"date":"2025-09-15T16:43:12","date_gmt":"2025-09-15T14:43:12","guid":{"rendered":"https:\/\/goldenme.cuco.dev\/a-propos-de-nous\/activites\/"},"modified":"2026-04-24T11:20:45","modified_gmt":"2026-04-24T09:20:45","slug":"activites","status":"publish","type":"page","link":"https:\/\/goldenme.lu\/fr\/a-propos-de-nous\/activites\/","title":{"rendered":"Activit\u00e9s"},"content":{"rendered":"<div class=\"wpb-content-wrapper\"><p>[vc_row][vc_column][vc_custom_heading text=\u00a0\u00bbNos activit\u00e9s\u00a0\u00bb font_container=\u00a0\u00bbtag:h1|text_align:left\u00a0\u00bb use_theme_fonts=\u00a0\u00bbyes\u00a0\u00bb css_animation=\u00a0\u00bbbottom-to-top\u00a0\u00bb css=\u00a0\u00bb\u00a0\u00bb el_class=\u00a0\u00bbtext-4xl font-black\u00a0\u00bb][\/vc_column][\/vc_row][vc_row][vc_column][vc_empty_space height=\u00a0\u00bb25px\u00a0\u00bb][\/vc_column][\/vc_row][vc_row][vc_column][vc_column_text css_animation=\u00a0\u00bbbottom-to-top\u00a0\u00bb css=\u00a0\u00bb\u00a0\u00bb]<\/p>\n<p class=\"p1\">Notre objectif est de soutenir les personnes 50+ dans leur parcours num\u00e9rique. Pour cela, nous proposons des contenus accessibles, des offres de formation vari\u00e9es ainsi que des \u00e9v\u00e9nements d\u00e9di\u00e9s au d\u00e9veloppement des comp\u00e9tences num\u00e9riques. Nos \u00e9v\u00e9nements \u2014 les SmartEvents \u2014offrent aux participant\u00b7e\u00b7s un cadre convivial pour apprendre le num\u00e9rique, poser leurs questions et \u00e9changer leurs exp\u00e9riences.<\/p>\n<p>[\/vc_column_text][vc_custom_heading text=\u00a0\u00bbNous proposons trois formats diff\u00e9rents de SmartEvents :\u00a0\u00bb font_container=\u00a0\u00bbtag:h4|font_size:22px|text_align:left\u00a0\u00bb use_theme_fonts=\u00a0\u00bbyes\u00a0\u00bb css_animation=\u00a0\u00bbbottom-to-top\u00a0\u00bb css=\u00a0\u00bb\u00a0\u00bb][vc_empty_space height=\u00a0\u00bb15px\u00a0\u00bb][\/vc_column][\/vc_row][vc_row gap=\u00a0\u00bb35&Prime; equal_height=\u00a0\u00bbyes\u00a0\u00bb][vc_column width=\u00a0\u00bb1\/3&Prime; css=\u00a0\u00bb.vc_custom_1768488469854{padding-top: 5% !important;padding-right: 5% !important;padding-bottom: 5% !important;padding-left: 5% !important;background-color: #FFFFFF !important;border-radius: 15px !important;}\u00a0\u00bb][vc_column_text css=\u00a0\u00bb\u00a0\u00bb]<\/p>\n<h1>Smart<span style=\"color: #ad8200;\">Caf\u00e9<\/span><\/h1>\n<p>[\/vc_column_text][vc_column_text css=\u00a0\u00bb\u00a0\u00bb]Des lieux de rencontre o\u00f9 les senior\u00b7e\u00b7s peuvent explorer des sujets num\u00e9riques dans une ambiance conviviale et en s\u00e9ances individuelles. Ils et elles re\u00e7oivent une aide personnalis\u00e9e avec leurs appareils (smartphone, tablette, ordinateur portable).[\/vc_column_text]\n    <div class=\"outer-button fit-content small\">\n        <a class=\"coolBeans leading-none\" href=\"https:\/\/goldenme.lu\/ueber-uns\/angebote\/smartcafe\/\"\n           id=\"\"\n\t\t\t\t\t\t                aria-label=\"SmartCaf\u00e9\"\n\t\t\t        >\n\t\t\tEn savoir plus        <\/a>\n    <\/div>\n\n\t[\/vc_column][vc_column width=\u00a0\u00bb1\/3&Prime; css=\u00a0\u00bb.vc_custom_1768488502321{padding-top: 5% !important;padding-right: 5% !important;padding-bottom: 5% !important;padding-left: 5% !important;background-color: #FFFFFF !important;border-radius: 15px !important;}\u00a0\u00bb][vc_column_text css=\u00a0\u00bb\u00a0\u00bb]<\/p>\n<h1>Smart<span style=\"color: #ad8200;\">Talk<\/span><\/h1>\n<p>[\/vc_column_text][vc_column_text css=\u00a0\u00bb\u00a0\u00bb]Des conf\u00e9rences th\u00e9matiques con\u00e7ues pour encourager les questionnements. Ces \u00e9v\u00e9nements se d\u00e9roulent dans diff\u00e9rentes communes et\/ou en partenariat avec d\u2019autres organisations.[\/vc_column_text]\n    <div class=\"outer-button fit-content small\">\n        <a class=\"coolBeans leading-none\" href=\"https:\/\/goldenme.lu\/ueber-uns\/angebote\/smarttalk\/\"\n           id=\"\"\n\t\t\t\t\t\t                aria-label=\"SmartTalk\"\n\t\t\t        >\n\t\t\tEn savoir plus        <\/a>\n    <\/div>\n\n\t[\/vc_column][vc_column width=\u00a0\u00bb1\/3&Prime; css=\u00a0\u00bb.vc_custom_1768488518534{padding-top: 5% !important;padding-right: 5% !important;padding-bottom: 5% !important;padding-left: 5% !important;background-color: #FFFFFF !important;border-radius: 15px !important;}\u00a0\u00bb][vc_column_text css=\u00a0\u00bb\u00a0\u00bb]<\/p>\n<h1>Smart<span style=\"color: #ad8200;\">Workshop<\/span><\/h1>\n<p>[\/vc_column_text][vc_column_text css=\u00a0\u00bb\u00a0\u00bb]<strong>Un m\u00e9lange de th\u00e9orie et de pratique<\/strong> sur un sujet sp\u00e9cifique. L&rsquo;accent est mis sur la participation active des apprenant\u00b7e\u00b7s avec leurs propres appareils.[\/vc_column_text]\n    <div class=\"outer-button fit-content small\">\n        <a class=\"coolBeans leading-none\" href=\"https:\/\/goldenme.lu\/ueber-uns\/angebote\/smartworkshop\/\"\n           id=\"\"\n\t\t\t\t\t\t                aria-label=\"SmartWorkshop\"\n\t\t\t        >\n\t\t\tEn savoir plus        <\/a>\n    <\/div>\n\n\t[\/vc_column][\/vc_row][vc_row min_height=\u00a0\u00bb90&Prime;][vc_column][\/vc_column][\/vc_row]<\/p>\n<\/div>","protected":false},"excerpt":{"rendered":"<p>[vc_row][vc_column][vc_custom_heading text=\u00a0\u00bbNos activit\u00e9s\u00a0\u00bb font_container=\u00a0\u00bbtag:h1|text_align:left\u00a0\u00bb use_theme_fonts=\u00a0\u00bbyes\u00a0\u00bb css_animation=\u00a0\u00bbbottom-to-top\u00a0\u00bb css=\u00a0\u00bb\u00a0\u00bb el_class=\u00a0\u00bbtext-4xl font-black\u00a0\u00bb][\/vc_column][\/vc_row][vc_row][vc_column][vc_empty_space height=\u00a0\u00bb25px\u00a0\u00bb][\/vc_column][\/vc_row][vc_row][vc_column][vc_column_text css_animation=\u00a0\u00bbbottom-to-top\u00a0\u00bb css=\u00a0\u00bb\u00a0\u00bb] Notre objectif est de soutenir les personnes 50+ dans leur parcours num\u00e9rique. Pour cela, nous proposons des contenus accessibles, des offres de formation vari\u00e9es ainsi que des \u00e9v\u00e9nements d\u00e9di\u00e9s au d\u00e9veloppement des comp\u00e9tences num\u00e9riques. Nos \u00e9v\u00e9nements \u2014 les SmartEvents \u2014offrent aux participant\u00b7e\u00b7s un [&hellip;]<\/p>\n","protected":false},"author":2,"featured_media":1423,"parent":680,"menu_order":0,"comment_status":"closed","ping_status":"closed","template":"","meta":{"_acf_changed":false,"footnotes":""},"class_list":["post-684","page","type-page","status-publish","has-post-thumbnail","hentry"],"acf":[],"yoast_head":"<!-- This site is optimized with the Yoast SEO plugin v27.4 - https:\/\/yoast.com\/product\/yoast-seo-wordpress\/ -->\n<title>Activit\u00e9s - GoldenMe<\/title>\n<meta name=\"robots\" content=\"index, follow, max-snippet:-1, max-image-preview:large, max-video-preview:-1\" \/>\n<link rel=\"canonical\" href=\"https:\/\/goldenme.lu\/fr\/a-propos-de-nous\/activites\/\" \/>\n<meta property=\"og:locale\" content=\"fr_FR\" \/>\n<meta property=\"og:type\" content=\"article\" \/>\n<meta property=\"og:title\" content=\"Activit\u00e9s - GoldenMe\" \/>\n<meta property=\"og:description\" content=\"[vc_row][vc_column][vc_custom_heading text=\u00a0\u00bbNos activit\u00e9s\u00a0\u00bb font_container=\u00a0\u00bbtag:h1|text_align:left\u00a0\u00bb use_theme_fonts=\u00a0\u00bbyes\u00a0\u00bb css_animation=\u00a0\u00bbbottom-to-top\u00a0\u00bb css=\u00a0\u00bb\u00a0\u00bb el_class=\u00a0\u00bbtext-4xl font-black\u00a0\u00bb][\/vc_column][\/vc_row][vc_row][vc_column][vc_empty_space height=\u00a0\u00bb25px\u00a0\u00bb][\/vc_column][\/vc_row][vc_row][vc_column][vc_column_text css_animation=\u00a0\u00bbbottom-to-top\u00a0\u00bb css=\u00a0\u00bb\u00a0\u00bb] Notre objectif est de soutenir les personnes 50+ dans leur parcours num\u00e9rique. Pour cela, nous proposons des contenus accessibles, des offres de formation vari\u00e9es ainsi que des \u00e9v\u00e9nements d\u00e9di\u00e9s au d\u00e9veloppement des comp\u00e9tences num\u00e9riques. Nos \u00e9v\u00e9nements \u2014 les SmartEvents \u2014offrent aux participant\u00b7e\u00b7s un [&hellip;]\" \/>\n<meta property=\"og:url\" content=\"https:\/\/goldenme.lu\/fr\/a-propos-de-nous\/activites\/\" \/>\n<meta property=\"og:site_name\" content=\"GoldenMe\" \/>\n<meta property=\"article:publisher\" content=\"https:\/\/www.facebook.com\/GoldenMeLuxembourg\/\" \/>\n<meta property=\"article:modified_time\" content=\"2026-04-24T09:20:45+00:00\" \/>\n<meta property=\"og:image\" content=\"https:\/\/goldenme.lu\/wp-content\/uploads\/2026\/01\/gm-icon-angebote.png\" \/>\n\t<meta property=\"og:image:width\" content=\"2560\" \/>\n\t<meta property=\"og:image:height\" content=\"1505\" \/>\n\t<meta property=\"og:image:type\" content=\"image\/png\" \/>\n<meta name=\"twitter:card\" content=\"summary_large_image\" \/>\n<meta name=\"twitter:label1\" content=\"Dur\u00e9e de lecture estim\u00e9e\" \/>\n\t<meta name=\"twitter:data1\" content=\"2 minutes\" \/>\n<script type=\"application\/ld+json\" class=\"yoast-schema-graph\">{\"@context\":\"https:\\\/\\\/schema.org\",\"@graph\":[{\"@type\":\"WebPage\",\"@id\":\"https:\\\/\\\/goldenme.lu\\\/fr\\\/a-propos-de-nous\\\/activites\\\/\",\"url\":\"https:\\\/\\\/goldenme.lu\\\/fr\\\/a-propos-de-nous\\\/activites\\\/\",\"name\":\"Activit\u00e9s - GoldenMe\",\"isPartOf\":{\"@id\":\"https:\\\/\\\/goldenme.lu\\\/fr\\\/#website\"},\"primaryImageOfPage\":{\"@id\":\"https:\\\/\\\/goldenme.lu\\\/fr\\\/a-propos-de-nous\\\/activites\\\/#primaryimage\"},\"image\":{\"@id\":\"https:\\\/\\\/goldenme.lu\\\/fr\\\/a-propos-de-nous\\\/activites\\\/#primaryimage\"},\"thumbnailUrl\":\"https:\\\/\\\/goldenme.lu\\\/wp-content\\\/uploads\\\/2026\\\/01\\\/gm-icon-angebote.png\",\"datePublished\":\"2025-09-15T14:43:12+00:00\",\"dateModified\":\"2026-04-24T09:20:45+00:00\",\"breadcrumb\":{\"@id\":\"https:\\\/\\\/goldenme.lu\\\/fr\\\/a-propos-de-nous\\\/activites\\\/#breadcrumb\"},\"inLanguage\":\"fr-FR\",\"potentialAction\":[{\"@type\":\"ReadAction\",\"target\":[\"https:\\\/\\\/goldenme.lu\\\/fr\\\/a-propos-de-nous\\\/activites\\\/\"]}]},{\"@type\":\"ImageObject\",\"inLanguage\":\"fr-FR\",\"@id\":\"https:\\\/\\\/goldenme.lu\\\/fr\\\/a-propos-de-nous\\\/activites\\\/#primaryimage\",\"url\":\"https:\\\/\\\/goldenme.lu\\\/wp-content\\\/uploads\\\/2026\\\/01\\\/gm-icon-angebote.png\",\"contentUrl\":\"https:\\\/\\\/goldenme.lu\\\/wp-content\\\/uploads\\\/2026\\\/01\\\/gm-icon-angebote.png\",\"width\":2560,\"height\":1505},{\"@type\":\"BreadcrumbList\",\"@id\":\"https:\\\/\\\/goldenme.lu\\\/fr\\\/a-propos-de-nous\\\/activites\\\/#breadcrumb\",\"itemListElement\":[{\"@type\":\"ListItem\",\"position\":1,\"name\":\"Startseite\",\"item\":\"https:\\\/\\\/goldenme.lu\\\/fr\\\/\"},{\"@type\":\"ListItem\",\"position\":2,\"name\":\"\u00c0 propos de nous\",\"item\":\"https:\\\/\\\/goldenme.lu\\\/fr\\\/a-propos-de-nous\\\/\"},{\"@type\":\"ListItem\",\"position\":3,\"name\":\"Activit\u00e9s\"}]},{\"@type\":\"WebSite\",\"@id\":\"https:\\\/\\\/goldenme.lu\\\/fr\\\/#website\",\"url\":\"https:\\\/\\\/goldenme.lu\\\/fr\\\/\",\"name\":\"GoldenMe\",\"description\":\"\",\"publisher\":{\"@id\":\"https:\\\/\\\/goldenme.lu\\\/fr\\\/#organization\"},\"potentialAction\":[{\"@type\":\"SearchAction\",\"target\":{\"@type\":\"EntryPoint\",\"urlTemplate\":\"https:\\\/\\\/goldenme.lu\\\/fr\\\/?s={search_term_string}\"},\"query-input\":{\"@type\":\"PropertyValueSpecification\",\"valueRequired\":true,\"valueName\":\"search_term_string\"}}],\"inLanguage\":\"fr-FR\"},{\"@type\":\"Organization\",\"@id\":\"https:\\\/\\\/goldenme.lu\\\/fr\\\/#organization\",\"name\":\"GoldenMe\",\"url\":\"https:\\\/\\\/goldenme.lu\\\/fr\\\/\",\"logo\":{\"@type\":\"ImageObject\",\"inLanguage\":\"fr-FR\",\"@id\":\"https:\\\/\\\/goldenme.lu\\\/fr\\\/#\\\/schema\\\/logo\\\/image\\\/\",\"url\":\"https:\\\/\\\/goldenme.lu\\\/wp-content\\\/uploads\\\/2025\\\/07\\\/GM-Logo.png\",\"contentUrl\":\"https:\\\/\\\/goldenme.lu\\\/wp-content\\\/uploads\\\/2025\\\/07\\\/GM-Logo.png\",\"width\":565,\"height\":185,\"caption\":\"GoldenMe\"},\"image\":{\"@id\":\"https:\\\/\\\/goldenme.lu\\\/fr\\\/#\\\/schema\\\/logo\\\/image\\\/\"},\"sameAs\":[\"https:\\\/\\\/www.facebook.com\\\/GoldenMeLuxembourg\\\/\",\"https:\\\/\\\/www.instagram.com\\\/goldenmeluxembourg\"]}]}<\/script>\n<!-- \/ Yoast SEO plugin. -->","yoast_head_json":{"title":"Activit\u00e9s - GoldenMe","robots":{"index":"index","follow":"follow","max-snippet":"max-snippet:-1","max-image-preview":"max-image-preview:large","max-video-preview":"max-video-preview:-1"},"canonical":"https:\/\/goldenme.lu\/fr\/a-propos-de-nous\/activites\/","og_locale":"fr_FR","og_type":"article","og_title":"Activit\u00e9s - GoldenMe","og_description":"[vc_row][vc_column][vc_custom_heading text=\u00a0\u00bbNos activit\u00e9s\u00a0\u00bb font_container=\u00a0\u00bbtag:h1|text_align:left\u00a0\u00bb use_theme_fonts=\u00a0\u00bbyes\u00a0\u00bb css_animation=\u00a0\u00bbbottom-to-top\u00a0\u00bb css=\u00a0\u00bb\u00a0\u00bb el_class=\u00a0\u00bbtext-4xl font-black\u00a0\u00bb][\/vc_column][\/vc_row][vc_row][vc_column][vc_empty_space height=\u00a0\u00bb25px\u00a0\u00bb][\/vc_column][\/vc_row][vc_row][vc_column][vc_column_text css_animation=\u00a0\u00bbbottom-to-top\u00a0\u00bb css=\u00a0\u00bb\u00a0\u00bb] Notre objectif est de soutenir les personnes 50+ dans leur parcours num\u00e9rique. Pour cela, nous proposons des contenus accessibles, des offres de formation vari\u00e9es ainsi que des \u00e9v\u00e9nements d\u00e9di\u00e9s au d\u00e9veloppement des comp\u00e9tences num\u00e9riques. Nos \u00e9v\u00e9nements \u2014 les SmartEvents \u2014offrent aux participant\u00b7e\u00b7s un [&hellip;]","og_url":"https:\/\/goldenme.lu\/fr\/a-propos-de-nous\/activites\/","og_site_name":"GoldenMe","article_publisher":"https:\/\/www.facebook.com\/GoldenMeLuxembourg\/","article_modified_time":"2026-04-24T09:20:45+00:00","og_image":[{"width":2560,"height":1505,"url":"https:\/\/goldenme.lu\/wp-content\/uploads\/2026\/01\/gm-icon-angebote.png","type":"image\/png"}],"twitter_card":"summary_large_image","twitter_misc":{"Dur\u00e9e de lecture estim\u00e9e":"2 minutes"},"schema":{"@context":"https:\/\/schema.org","@graph":[{"@type":"WebPage","@id":"https:\/\/goldenme.lu\/fr\/a-propos-de-nous\/activites\/","url":"https:\/\/goldenme.lu\/fr\/a-propos-de-nous\/activites\/","name":"Activit\u00e9s - GoldenMe","isPartOf":{"@id":"https:\/\/goldenme.lu\/fr\/#website"},"primaryImageOfPage":{"@id":"https:\/\/goldenme.lu\/fr\/a-propos-de-nous\/activites\/#primaryimage"},"image":{"@id":"https:\/\/goldenme.lu\/fr\/a-propos-de-nous\/activites\/#primaryimage"},"thumbnailUrl":"https:\/\/goldenme.lu\/wp-content\/uploads\/2026\/01\/gm-icon-angebote.png","datePublished":"2025-09-15T14:43:12+00:00","dateModified":"2026-04-24T09:20:45+00:00","breadcrumb":{"@id":"https:\/\/goldenme.lu\/fr\/a-propos-de-nous\/activites\/#breadcrumb"},"inLanguage":"fr-FR","potentialAction":[{"@type":"ReadAction","target":["https:\/\/goldenme.lu\/fr\/a-propos-de-nous\/activites\/"]}]},{"@type":"ImageObject","inLanguage":"fr-FR","@id":"https:\/\/goldenme.lu\/fr\/a-propos-de-nous\/activites\/#primaryimage","url":"https:\/\/goldenme.lu\/wp-content\/uploads\/2026\/01\/gm-icon-angebote.png","contentUrl":"https:\/\/goldenme.lu\/wp-content\/uploads\/2026\/01\/gm-icon-angebote.png","width":2560,"height":1505},{"@type":"BreadcrumbList","@id":"https:\/\/goldenme.lu\/fr\/a-propos-de-nous\/activites\/#breadcrumb","itemListElement":[{"@type":"ListItem","position":1,"name":"Startseite","item":"https:\/\/goldenme.lu\/fr\/"},{"@type":"ListItem","position":2,"name":"\u00c0 propos de nous","item":"https:\/\/goldenme.lu\/fr\/a-propos-de-nous\/"},{"@type":"ListItem","position":3,"name":"Activit\u00e9s"}]},{"@type":"WebSite","@id":"https:\/\/goldenme.lu\/fr\/#website","url":"https:\/\/goldenme.lu\/fr\/","name":"GoldenMe","description":"","publisher":{"@id":"https:\/\/goldenme.lu\/fr\/#organization"},"potentialAction":[{"@type":"SearchAction","target":{"@type":"EntryPoint","urlTemplate":"https:\/\/goldenme.lu\/fr\/?s={search_term_string}"},"query-input":{"@type":"PropertyValueSpecification","valueRequired":true,"valueName":"search_term_string"}}],"inLanguage":"fr-FR"},{"@type":"Organization","@id":"https:\/\/goldenme.lu\/fr\/#organization","name":"GoldenMe","url":"https:\/\/goldenme.lu\/fr\/","logo":{"@type":"ImageObject","inLanguage":"fr-FR","@id":"https:\/\/goldenme.lu\/fr\/#\/schema\/logo\/image\/","url":"https:\/\/goldenme.lu\/wp-content\/uploads\/2025\/07\/GM-Logo.png","contentUrl":"https:\/\/goldenme.lu\/wp-content\/uploads\/2025\/07\/GM-Logo.png","width":565,"height":185,"caption":"GoldenMe"},"image":{"@id":"https:\/\/goldenme.lu\/fr\/#\/schema\/logo\/image\/"},"sameAs":["https:\/\/www.facebook.com\/GoldenMeLuxembourg\/","https:\/\/www.instagram.com\/goldenmeluxembourg"]}]}},"_links":{"self":[{"href":"https:\/\/goldenme.lu\/fr\/wp-json\/wp\/v2\/pages\/684","targetHints":{"allow":["GET"]}}],"collection":[{"href":"https:\/\/goldenme.lu\/fr\/wp-json\/wp\/v2\/pages"}],"about":[{"href":"https:\/\/goldenme.lu\/fr\/wp-json\/wp\/v2\/types\/page"}],"author":[{"embeddable":true,"href":"https:\/\/goldenme.lu\/fr\/wp-json\/wp\/v2\/users\/2"}],"replies":[{"embeddable":true,"href":"https:\/\/goldenme.lu\/fr\/wp-json\/wp\/v2\/comments?post=684"}],"version-history":[{"count":21,"href":"https:\/\/goldenme.lu\/fr\/wp-json\/wp\/v2\/pages\/684\/revisions"}],"predecessor-version":[{"id":1954,"href":"https:\/\/goldenme.lu\/fr\/wp-json\/wp\/v2\/pages\/684\/revisions\/1954"}],"up":[{"embeddable":true,"href":"https:\/\/goldenme.lu\/fr\/wp-json\/wp\/v2\/pages\/680"}],"wp:featuredmedia":[{"embeddable":true,"href":"https:\/\/goldenme.lu\/fr\/wp-json\/wp\/v2\/media\/1423"}],"wp:attachment":[{"href":"https:\/\/goldenme.lu\/fr\/wp-json\/wp\/v2\/media?parent=684"}],"curies":[{"name":"wp","href":"https:\/\/api.w.org\/{rel}","templated":true}]}}