{"id":1569,"date":"2026-01-15T15:56:22","date_gmt":"2026-01-15T14:56:22","guid":{"rendered":"https:\/\/goldenme.cuco.dev\/a-propos-de-nous\/activites\/smarttalk\/"},"modified":"2026-04-24T11:19:10","modified_gmt":"2026-04-24T09:19:10","slug":"smarttalk","status":"publish","type":"page","link":"https:\/\/goldenme.lu\/fr\/a-propos-de-nous\/activites\/smarttalk\/","title":{"rendered":"SmartTalk"},"content":{"rendered":"<div class=\"wpb-content-wrapper\"><p>[vc_row][vc_column][vc_custom_heading text=\u00a0\u00bbSmartTalk\u00a0\u00bb font_container=\u00a0\u00bbtag:h1|text_align:left\u00a0\u00bb use_theme_fonts=\u00a0\u00bbyes\u00a0\u00bb css_animation=\u00a0\u00bbbottom-to-top\u00a0\u00bb css=\u00a0\u00bb\u00a0\u00bb el_class=\u00a0\u00bbtext-4xl font-black\u00a0\u00bb][\/vc_column][\/vc_row][vc_row][vc_column][vc_empty_space height=\u00a0\u00bb25px\u00a0\u00bb][\/vc_column][\/vc_row][vc_row gap=\u00a0\u00bb35&Prime;][vc_column width=\u00a0\u00bb1\/3&Prime;][vc_custom_heading text=\u00a0\u00bbNaviguer en toute s\u00e9curit\u00e9 &#8211; avec nos SmartTalks\u00a0\u00bb font_container=\u00a0\u00bbtag:h3|text_align:left\u00a0\u00bb use_theme_fonts=\u00a0\u00bbyes\u00a0\u00bb css=\u00a0\u00bb\u00a0\u00bb el_class=\u00a0\u00bbtext-3xl font-black\u00a0\u00bb][vc_custom_heading text=\u00a0\u00bbNos SmartTalks encouragent une utilisation s\u00fbre de l&apos;Internet. Ils offrent des cl\u00e9s pour se prot\u00e9ger en ligne et naviguer en toute s\u00e9curit\u00e9 dans le monde num\u00e9rique.\u00a0\u00bb font_container=\u00a0\u00bbtag:h3|text_align:left\u00a0\u00bb use_theme_fonts=\u00a0\u00bbyes\u00a0\u00bb css=\u00a0\u00bb\u00a0\u00bb el_class=\u00a0\u00bbtext-2xl font-black\u00a0\u00bb][\/vc_column][vc_column width=\u00a0\u00bb2\/3&Prime;][vc_custom_heading text=\u00a0\u00bbNos SmartTalks: 2 heures chacun\u00a0\u00bb font_container=\u00a0\u00bbtag:h3|text_align:left\u00a0\u00bb use_theme_fonts=\u00a0\u00bbyes\u00a0\u00bb css=\u00a0\u00bb\u00a0\u00bb el_class=\u00a0\u00bbtext-2xl font-black\u00a0\u00bb][vc_column_text css=\u00a0\u00bb\u00a0\u00bb]<\/p>\n<p class=\"p1\">Nos SmartTalks sont <strong>sp\u00e9cialement con\u00e7us pour les d\u00e9butant.e.s<\/strong> et transmettent des connaissances de base importantes.<\/p>\n<p>[\/vc_column_text][vc_column_text css=\u00a0\u00bb\u00a0\u00bb]<\/p>\n<p class=\"p1\"><strong>Nos SmartTalks sont divis\u00e9s en deux grands th\u00e8mes :<\/strong><\/p>\n<p>[\/vc_column_text][vc_row_inner gap=\u00a0\u00bb15&Prime; css=\u00a0\u00bb.vc_custom_1769106925129{margin-bottom: 25px !important;}\u00a0\u00bb][vc_column_inner width=\u00a0\u00bb1\/2&Prime; css=\u00a0\u00bb.vc_custom_1769106547548{background-color: #FFFFFF !important;border-radius: 15px !important;}\u00a0\u00bb][vc_single_image image=\u00a0\u00bb1566&Prime; img_size=\u00a0\u00bb95&#215;95&Prime; alignment=\u00a0\u00bbcenter\u00a0\u00bb css=\u00a0\u00bb\u00a0\u00bb][vc_column_text css=\u00a0\u00bb\u00a0\u00bb]<\/p>\n<p class=\"p1\" style=\"text-align: center;\"><span style=\"color: #005762;\"><strong>Cybers\u00e9curit\u00e9<\/strong><\/span><\/p>\n<p>[\/vc_column_text][\/vc_column_inner][vc_column_inner width=\u00a0\u00bb1\/2&Prime; css=\u00a0\u00bb.vc_custom_1769106588281{background-color: #FFFFFF !important;border-radius: 15px !important;}\u00a0\u00bb][vc_single_image image=\u00a0\u00bb1567&Prime; img_size=\u00a0\u00bb95&#215;95&Prime; alignment=\u00a0\u00bbcenter\u00a0\u00bb css=\u00a0\u00bb\u00a0\u00bb][vc_column_text css=\u00a0\u00bb\u00a0\u00bb]<\/p>\n<p class=\"p1\" style=\"text-align: center;\"><span style=\"color: #a777b2;\"><strong>Gestion num\u00e9rique<\/strong><\/span><\/p>\n<p>[\/vc_column_text][\/vc_column_inner][\/vc_row_inner][vc_column_text css=\u00a0\u00bb\u00a0\u00bb]<\/p>\n<p class=\"p1\">Dans le domaine de la cybers\u00e9curit\u00e9, nous expliquons les risques li\u00e9s aux environnements num\u00e9riques et donnons des conseils pratiques pour un comportement s\u00e9curis\u00e9 en ligne.<\/p>\n<p class=\"p1\">La gestion num\u00e9rique aborde divers aspects des services administratifs en ligne et montre comment les plateformes num\u00e9riques peuvent simplifier le quotidien et favoriser l&rsquo;autonomie.<\/p>\n<p>[\/vc_column_text][\/vc_column][\/vc_row][vc_row full_width=\u00a0\u00bbstretch_row\u00a0\u00bb gap=\u00a0\u00bb35&Prime; css=\u00a0\u00bb.vc_custom_1769161883311{padding-top: 35px !important;padding-bottom: 35px !important;background-image: url(https:\/\/goldenme.lu\/wp-content\/uploads\/2025\/09\/newsletter-bg.svg?id=489) !important;background-position: center !important;background-repeat: no-repeat !important;background-size: cover !important;}\u00a0\u00bb el_class=\u00a0\u00bbsmarttalk\u00a0\u00bb][vc_column][vc_custom_heading text=\u00a0\u00bbSmartTalks sur le th\u00e8me: Cybers\u00e9curit\u00e9\u00a0\u00bb font_container=\u00a0\u00bbtag:h2|text_align:left|color:%23FFFFFF\u00a0\u00bb use_theme_fonts=\u00a0\u00bbyes\u00a0\u00bb css=\u00a0\u00bb\u00a0\u00bb el_class=\u00a0\u00bbtext-4xl font-black\u00a0\u00bb][vc_row_inner gap=\u00a0\u00bb35&Prime; css=\u00a0\u00bb.vc_custom_1769107456872{margin-top: 35px !important;}\u00a0\u00bb][vc_column_inner width=\u00a0\u00bb1\/3&Prime;][vc_custom_heading text=\u00a0\u00bb1. Phishing\u00a0\u00bb font_container=\u00a0\u00bbtag:h3|text_align:left|color:%23FFFFFF\u00a0\u00bb use_theme_fonts=\u00a0\u00bbyes\u00a0\u00bb css_animation=\u00a0\u00bbbottom-to-top\u00a0\u00bb css=\u00a0\u00bb\u00a0\u00bb el_class=\u00a0\u00bbtext-3xl font-black\u00a0\u00bb][vc_column_text css=\u00a0\u00bb\u00a0\u00bb el_class=\u00a0\u00bbwhite-text\u00a0\u00bb]<\/p>\n<p class=\"p1\">Dans ce module, nous abordons le phishing, ses m\u00e9canismes et strat\u00e9gies, et expliquons comment s&rsquo;en prot\u00e9ger.<\/p>\n<p>[\/vc_column_text][vc_column_text css=\u00a0\u00bb\u00a0\u00bb el_class=\u00a0\u00bbwhite-text\u00a0\u00bb]<\/p>\n<p class=\"p1\"><strong>\u00c0 la fin de ce module :<\/strong><\/p>\n<p>[\/vc_column_text][vc_column_text css=\u00a0\u00bb\u00a0\u00bb el_class=\u00a0\u00bbwhite-text\u00a0\u00bb]<\/p>\n<ul>\n<li>Vous comprendrez les techniques psychologiques utilis\u00e9es dans les attaques de phishing.<\/li>\n<li>Vous saurez identifier les e-mails, appels ou messages suspects qui cherchent \u00e0 intercepter vos informations.<\/li>\n<li>Vous saurez g\u00e9rer correctement les liens et les pi\u00e8ces jointes dans les e-mails et les messages.<\/li>\n<li>Vous conna\u00eetrez les diff\u00e9rentes strat\u00e9gies de r\u00e9action, par exemple : comment r\u00e9agir \u00e0 un e-mail suspect ou \u00e0 un clic sur un lien douteux.<\/li>\n<\/ul>\n<p>[\/vc_column_text][\/vc_column_inner][vc_column_inner width=\u00a0\u00bb1\/3&Prime;][vc_custom_heading text=\u00a0\u00bb2. Mots de passe s\u00e9curis\u00e9s\u00a0\u00bb font_container=\u00a0\u00bbtag:h3|text_align:left|color:%23FFFFFF\u00a0\u00bb use_theme_fonts=\u00a0\u00bbyes\u00a0\u00bb css_animation=\u00a0\u00bbbottom-to-top\u00a0\u00bb css=\u00a0\u00bb\u00a0\u00bb el_class=\u00a0\u00bbtext-3xl font-black\u00a0\u00bb][vc_column_text css=\u00a0\u00bb\u00a0\u00bb el_class=\u00a0\u00bbwhite-text\u00a0\u00bb]<\/p>\n<p class=\"p1\">Dans ce module, vous apprendrez pourquoi des mots de passe solides sont essentiels pour une bonne hygi\u00e8ne num\u00e9rique.<\/p>\n<p>[\/vc_column_text][vc_column_text css=\u00a0\u00bb\u00a0\u00bb el_class=\u00a0\u00bbwhite-text\u00a0\u00bb]<\/p>\n<p class=\"p1\"><strong>\u00c0 la fin de ce module :<\/strong><\/p>\n<p>[\/vc_column_text][vc_column_text css=\u00a0\u00bb\u00a0\u00bb el_class=\u00a0\u00bbwhite-text\u00a0\u00bb]<\/p>\n<ul>\n<li>Vous comprendrez pourquoi des mots de passe forts sont essentiels pour prot\u00e9ger vos donn\u00e9es personnelles et financi\u00e8res.<\/li>\n<li>Cr\u00e9ation de mots de passe s\u00e9curis\u00e9s : nous \u00e9laborerons ensemble des mots de passe \u00e0 la fois s\u00fbrs et faciles \u00e0 m\u00e9moriser.<\/li>\n<li>Vous aurez appris comment stocker et g\u00e9rer vos mots de passe en toute s\u00e9curit\u00e9, par exemple \u00e0 l&rsquo;aide d&rsquo;un gestionnaire de mots de passe.<\/li>\n<\/ul>\n<p>[\/vc_column_text][\/vc_column_inner][vc_column_inner width=\u00a0\u00bb1\/3&Prime;][vc_custom_heading text=\u00a0\u00bb3. Prot\u00e9ger ses donn\u00e9es et appareils\u00a0\u00bb font_container=\u00a0\u00bbtag:h3|text_align:left|color:%23FFFFFF\u00a0\u00bb use_theme_fonts=\u00a0\u00bbyes\u00a0\u00bb css_animation=\u00a0\u00bbbottom-to-top\u00a0\u00bb css=\u00a0\u00bb\u00a0\u00bb el_class=\u00a0\u00bbtext-3xl font-black\u00a0\u00bb][vc_column_text css=\u00a0\u00bb\u00a0\u00bb el_class=\u00a0\u00bbwhite-text\u00a0\u00bb]<\/p>\n<p class=\"p1\">Dans ce module, nous abordons diff\u00e9rentes mesures pour prot\u00e9ger ses donn\u00e9es et appareils.<\/p>\n<p>[\/vc_column_text][vc_column_text css=\u00a0\u00bb\u00a0\u00bb el_class=\u00a0\u00bbwhite-text\u00a0\u00bb]<\/p>\n<p class=\"p1\"><strong>\u00c0 la fin de ce module :<\/strong><\/p>\n<p>[\/vc_column_text][vc_column_text css=\u00a0\u00bb\u00a0\u00bb el_class=\u00a0\u00bbwhite-text\u00a0\u00bb]<\/p>\n<ul>\n<li>\n<p class=\"p1\">Vous apprendrez quelles protections logicielles et services utiliser (comme les antivirus, anti-malware, pare-feu), ainsi que les moments appropri\u00e9s pour les mettre en place.<\/p>\n<\/li>\n<li>\n<p class=\"p1\">Vous comprendrez l&rsquo;importance de maintenir son syst\u00e8me d&rsquo;exploitation et ses applications \u00e0 jour.<\/p>\n<\/li>\n<li>\n<p class=\"p1\">Vous conna\u00eetrez les bases de la sauvegarde des donn\u00e9es et les diff\u00e9rentes strat\u00e9gies pour prot\u00e9ger ses informations.<\/p>\n<\/li>\n<\/ul>\n<p>[\/vc_column_text][\/vc_column_inner][\/vc_row_inner][\/vc_column][\/vc_row][vc_row full_width=\u00a0\u00bbstretch_row\u00a0\u00bb css=\u00a0\u00bb.vc_custom_1769161848049{padding-top: 35px !important;padding-bottom: 35px !important;background-image: url(https:\/\/goldenme.lu\/wp-content\/uploads\/2026\/01\/frame-lila.png?id=1519) !important;background-position: center !important;background-repeat: no-repeat !important;background-size: cover !important;}\u00a0\u00bb el_class=\u00a0\u00bbsmarttalk\u00a0\u00bb][vc_column][vc_custom_heading text=\u00a0\u00bbSmartTalks sur le th\u00e8me : Gestion num\u00e9rique\u00a0\u00bb font_container=\u00a0\u00bbtag:h2|text_align:left|color:%23FFFFFF\u00a0\u00bb use_theme_fonts=\u00a0\u00bbyes\u00a0\u00bb css=\u00a0\u00bb\u00a0\u00bb el_class=\u00a0\u00bbtext-4xl font-black\u00a0\u00bb][vc_row_inner gap=\u00a0\u00bb35&Prime; css=\u00a0\u00bb.vc_custom_1769108309527{margin-top: 35px !important;}\u00a0\u00bb][vc_column_inner width=\u00a0\u00bb1\/2&Prime;][vc_custom_heading text=\u00a0\u00bb4. MyGuichet &#8211; guichet.lu\u00a0\u00bb font_container=\u00a0\u00bbtag:h3|text_align:left|color:%23FFFFFF\u00a0\u00bb use_theme_fonts=\u00a0\u00bbyes\u00a0\u00bb css_animation=\u00a0\u00bbbottom-to-top\u00a0\u00bb css=\u00a0\u00bb\u00a0\u00bb el_class=\u00a0\u00bbtext-3xl font-black\u00a0\u00bb][vc_column_text css=\u00a0\u00bb\u00a0\u00bb el_class=\u00a0\u00bbwhite-text\u00a0\u00bb]<\/p>\n<p class=\"p1\">Dans ce module, vous recevrez une introduction claire et concise sur l&rsquo;utilisation de Guichet.lu et de la plateforme associ\u00e9e MyGuichet. \u00c0 la fin de ce module : <\/p>\n<p>\u00c0 la fin de ce module :[\/vc_column_text][vc_column_text css=\u00a0\u00bb\u00a0\u00bb el_class=\u00a0\u00bbwhite-text\u00a0\u00bb]<\/p>\n<ul>\n<li>Vous saurez ce qu&rsquo;est une identit\u00e9 num\u00e9rique et ce qu&rsquo;elle inclut.<\/li>\n<li>Vous comprendrez comment prot\u00e9ger votre identit\u00e9 num\u00e9rique et pourquoi elle doit \u00eatre prot\u00e9g\u00e9e.<\/li>\n<li>Vous pourrez faire la diff\u00e9rence entre Guichet.lu et MyGuichet et vous comprendrez leur lien.<\/li>\n<li>Vous saurez comment vous connecter \u00e0 MyGuichet et comment tirer pleinement parti de la plateforme.<\/li>\n<\/ul>\n<p>[\/vc_column_text][\/vc_column_inner][vc_column_inner width=\u00a0\u00bb1\/2&Prime;][vc_custom_heading text=\u00a0\u00bb5. L&apos;h\u00e9ritage num\u00e9rique\u00a0\u00bb font_container=\u00a0\u00bbtag:h3|text_align:left|color:%23FFFFFF\u00a0\u00bb use_theme_fonts=\u00a0\u00bbyes\u00a0\u00bb css_animation=\u00a0\u00bbbottom-to-top\u00a0\u00bb css=\u00a0\u00bb\u00a0\u00bb el_class=\u00a0\u00bbtext-3xl font-black\u00a0\u00bb][vc_column_text css=\u00a0\u00bb\u00a0\u00bb el_class=\u00a0\u00bbwhite-text\u00a0\u00bb]<\/p>\n<p class=\"p1\">Dans ce module, nous abordons l&rsquo;h\u00e9ritage num\u00e9rique et expliquons pourquoi il est judicieux d&rsquo;y r\u00e9fl\u00e9chir d\u00e8s maintenant. Nous abordons les aspects pratiques et techniques, le cadre juridique ainsi que les questions \u00e9thiques pertinentes dans ce contexte. \u00c0 l&rsquo;issue de ce module : <\/p>\n<p>\u00c0 la fin de ce module :[\/vc_column_text][vc_column_text css=\u00a0\u00bb\u00a0\u00bb el_class=\u00a0\u00bbwhite-text\u00a0\u00bb]<\/p>\n<ul>\n<li>Vous pourrez \u00e9valuer quelles dimensions englobe un h\u00e9ritage num\u00e9rique.<\/li>\n<li>Vous conna\u00eetrez les \u00e9tapes n\u00e9cessaires pour g\u00e9rer l&rsquo;h\u00e9ritage num\u00e9rique d&rsquo;une personne d\u00e9c\u00e9d\u00e9e.<\/li>\n<li>Vous conna\u00eetrez des possibilit\u00e9s concr\u00e8tes pour pr\u00e9voir votre propre h\u00e9ritage num\u00e9rique.<\/li>\n<\/ul>\n<p>[\/vc_column_text][\/vc_column_inner][\/vc_row_inner][\/vc_column][\/vc_row][vc_row css=\u00a0\u00bb.vc_custom_1769161819511{padding-top: 35px !important;padding-bottom: 35px !important;}\u00a0\u00bb][vc_column][vc_custom_heading text=\u00a0\u00bbEnsemble, d\u00e9veloppons vos comp\u00e9tences num\u00e9riques gr\u00e2ce aux SmartTalks!\u00a0\u00bb use_theme_fonts=\u00a0\u00bbyes\u00a0\u00bb css_animation=\u00a0\u00bbbottom-to-top\u00a0\u00bb css=\u00a0\u00bb\u00a0\u00bb el_class=\u00a0\u00bbtext-4xl font-black\u00a0\u00bb][vc_row_inner css=\u00a0\u00bb.vc_custom_1769162670314{margin-top: 35px !important;margin-bottom: 35px !important;}\u00a0\u00bb][vc_column_inner width=\u00a0\u00bb1\/3&Prime;][vc_custom_heading text=\u00a0\u00bbNos SmartTalks sont des cours compacts qui aident \u00e0 mieux comprendre les th\u00e8mes num\u00e9riques.\u00a0\u00bb font_container=\u00a0\u00bbtag:h3|text_align:left\u00a0\u00bb use_theme_fonts=\u00a0\u00bbyes\u00a0\u00bb css_animation=\u00a0\u00bbbottom-to-top\u00a0\u00bb css=\u00a0\u00bb\u00a0\u00bb el_class=\u00a0\u00bbtext-3xl font-black\u00a0\u00bb][\/vc_column_inner][vc_column_inner width=\u00a0\u00bb2\/3&Prime;][vc_column_text]<\/p>\n<p class=\"p1\">Nos cours suivent le Cadre de R\u00e9f\u00e9rence Europ\u00e9en des Comp\u00e9tences Num\u00e9riques, ce qui garantit qu&rsquo;ils r\u00e9pondent \u00e0 des standards reconnus, favorisent l&rsquo;acquisition de comp\u00e9tences essentielles et sont adapt\u00e9s aux besoins actuels du monde num\u00e9rique.<\/p>\n<p>[\/vc_column_text][vc_column_text css=\u00a0\u00bb\u00a0\u00bb el_class=\u00a0\u00bbtext-3xl font-black\u00a0\u00bb]<\/p>\n<p class=\"p1\">N&rsquo;h\u00e9sitez pas \u00e0 nous contacter \u00e0 l&rsquo;adresse suivante :<\/p>\n<p class=\"p1\"><a href=\"&#x6d;a&#x69;&#108;&#x74;&#x6f;:&#x69;&#110;&#x66;&#x6f;&#64;&#x67;&#111;&#x6c;&#x64;e&#x6e;&#109;&#x65;&#x2e;l&#x75;\">&#105;&#110;&#x66;o&#64;&#x67;&#x6f;l&#100;&#x65;&#x6e;m&#101;&#x2e;&#x6c;u<\/a><\/p>\n<p>[\/vc_column_text][vc_column_text css=\u00a0\u00bb\u00a0\u00bb]<\/p>\n<p class=\"p1\">Tu peux \u00e9galement t&rsquo;inscrire ici, sur notre site web, o\u00f9 tu trouveras toutes les informations sur les SmartTalks ainsi que les lieux o\u00f9 ils ont lieu.<\/p>\n<p>[\/vc_column_text][\/vc_column_inner][\/vc_row_inner][vc_single_image image=\u00a0\u00bb1568&Prime; img_size=\u00a0\u00bbfull\u00a0\u00bb alignment=\u00a0\u00bbcenter\u00a0\u00bb css=\u00a0\u00bb\u00a0\u00bb][\/vc_column][\/vc_row][vc_row min_height=\u00a0\u00bb90&Prime;][vc_column][\/vc_column][\/vc_row]<\/p>\n<\/div>","protected":false},"excerpt":{"rendered":"<p>[vc_row][vc_column][vc_custom_heading text=\u00a0\u00bbSmartTalk\u00a0\u00bb font_container=\u00a0\u00bbtag:h1|text_align:left\u00a0\u00bb use_theme_fonts=\u00a0\u00bbyes\u00a0\u00bb css_animation=\u00a0\u00bbbottom-to-top\u00a0\u00bb css=\u00a0\u00bb\u00a0\u00bb el_class=\u00a0\u00bbtext-4xl font-black\u00a0\u00bb][\/vc_column][\/vc_row][vc_row][vc_column][vc_empty_space height=\u00a0\u00bb25px\u00a0\u00bb][\/vc_column][\/vc_row][vc_row gap=\u00a0\u00bb35&Prime;][vc_column width=\u00a0\u00bb1\/3&Prime;][vc_custom_heading text=\u00a0\u00bbNaviguer en toute s\u00e9curit\u00e9 &#8211; avec nos SmartTalks\u00a0\u00bb font_container=\u00a0\u00bbtag:h3|text_align:left\u00a0\u00bb use_theme_fonts=\u00a0\u00bbyes\u00a0\u00bb css=\u00a0\u00bb\u00a0\u00bb el_class=\u00a0\u00bbtext-3xl font-black\u00a0\u00bb][vc_custom_heading text=\u00a0\u00bbNos SmartTalks encouragent une utilisation s\u00fbre de l&apos;Internet. Ils offrent des cl\u00e9s pour se prot\u00e9ger en ligne et naviguer en toute s\u00e9curit\u00e9 dans le monde num\u00e9rique.\u00a0\u00bb font_container=\u00a0\u00bbtag:h3|text_align:left\u00a0\u00bb use_theme_fonts=\u00a0\u00bbyes\u00a0\u00bb css=\u00a0\u00bb\u00a0\u00bb el_class=\u00a0\u00bbtext-2xl font-black\u00a0\u00bb][\/vc_column][vc_column [&hellip;]<\/p>\n","protected":false},"author":2,"featured_media":0,"parent":684,"menu_order":0,"comment_status":"closed","ping_status":"closed","template":"","meta":{"_acf_changed":false,"footnotes":""},"class_list":["post-1569","page","type-page","status-publish","hentry"],"acf":[],"yoast_head":"<!-- This site is optimized with the Yoast SEO plugin v27.4 - https:\/\/yoast.com\/product\/yoast-seo-wordpress\/ -->\n<title>SmartTalk - GoldenMe<\/title>\n<meta name=\"robots\" content=\"index, follow, max-snippet:-1, max-image-preview:large, max-video-preview:-1\" \/>\n<link rel=\"canonical\" href=\"https:\/\/goldenme.lu\/fr\/a-propos-de-nous\/activites\/smarttalk\/\" \/>\n<meta property=\"og:locale\" content=\"fr_FR\" \/>\n<meta property=\"og:type\" content=\"article\" \/>\n<meta property=\"og:title\" content=\"SmartTalk - GoldenMe\" \/>\n<meta property=\"og:description\" content=\"[vc_row][vc_column][vc_custom_heading text=\u00a0\u00bbSmartTalk\u00a0\u00bb font_container=\u00a0\u00bbtag:h1|text_align:left\u00a0\u00bb use_theme_fonts=\u00a0\u00bbyes\u00a0\u00bb css_animation=\u00a0\u00bbbottom-to-top\u00a0\u00bb css=\u00a0\u00bb\u00a0\u00bb el_class=\u00a0\u00bbtext-4xl font-black\u00a0\u00bb][\/vc_column][\/vc_row][vc_row][vc_column][vc_empty_space height=\u00a0\u00bb25px\u00a0\u00bb][\/vc_column][\/vc_row][vc_row gap=\u00a0\u00bb35&Prime;][vc_column width=\u00a0\u00bb1\/3&Prime;][vc_custom_heading text=\u00a0\u00bbNaviguer en toute s\u00e9curit\u00e9 &#8211; avec nos SmartTalks\u00a0\u00bb font_container=\u00a0\u00bbtag:h3|text_align:left\u00a0\u00bb use_theme_fonts=\u00a0\u00bbyes\u00a0\u00bb css=\u00a0\u00bb\u00a0\u00bb el_class=\u00a0\u00bbtext-3xl font-black\u00a0\u00bb][vc_custom_heading text=\u00a0\u00bbNos SmartTalks encouragent une utilisation s\u00fbre de l&amp;apos;Internet. Ils offrent des cl\u00e9s pour se prot\u00e9ger en ligne et naviguer en toute s\u00e9curit\u00e9 dans le monde num\u00e9rique.\u00a0\u00bb font_container=\u00a0\u00bbtag:h3|text_align:left\u00a0\u00bb use_theme_fonts=\u00a0\u00bbyes\u00a0\u00bb css=\u00a0\u00bb\u00a0\u00bb el_class=\u00a0\u00bbtext-2xl font-black\u00a0\u00bb][\/vc_column][vc_column [&hellip;]\" \/>\n<meta property=\"og:url\" content=\"https:\/\/goldenme.lu\/fr\/a-propos-de-nous\/activites\/smarttalk\/\" \/>\n<meta property=\"og:site_name\" content=\"GoldenMe\" \/>\n<meta property=\"article:publisher\" content=\"https:\/\/www.facebook.com\/GoldenMeLuxembourg\/\" \/>\n<meta property=\"article:modified_time\" content=\"2026-04-24T09:19:10+00:00\" \/>\n<meta name=\"twitter:card\" content=\"summary_large_image\" \/>\n<meta name=\"twitter:label1\" content=\"Dur\u00e9e de lecture estim\u00e9e\" \/>\n\t<meta name=\"twitter:data1\" content=\"8 minutes\" \/>\n<script type=\"application\/ld+json\" class=\"yoast-schema-graph\">{\"@context\":\"https:\\\/\\\/schema.org\",\"@graph\":[{\"@type\":\"WebPage\",\"@id\":\"https:\\\/\\\/goldenme.lu\\\/fr\\\/a-propos-de-nous\\\/activites\\\/smarttalk\\\/\",\"url\":\"https:\\\/\\\/goldenme.lu\\\/fr\\\/a-propos-de-nous\\\/activites\\\/smarttalk\\\/\",\"name\":\"SmartTalk - GoldenMe\",\"isPartOf\":{\"@id\":\"https:\\\/\\\/goldenme.lu\\\/fr\\\/#website\"},\"datePublished\":\"2026-01-15T14:56:22+00:00\",\"dateModified\":\"2026-04-24T09:19:10+00:00\",\"breadcrumb\":{\"@id\":\"https:\\\/\\\/goldenme.lu\\\/fr\\\/a-propos-de-nous\\\/activites\\\/smarttalk\\\/#breadcrumb\"},\"inLanguage\":\"fr-FR\",\"potentialAction\":[{\"@type\":\"ReadAction\",\"target\":[\"https:\\\/\\\/goldenme.lu\\\/fr\\\/a-propos-de-nous\\\/activites\\\/smarttalk\\\/\"]}]},{\"@type\":\"BreadcrumbList\",\"@id\":\"https:\\\/\\\/goldenme.lu\\\/fr\\\/a-propos-de-nous\\\/activites\\\/smarttalk\\\/#breadcrumb\",\"itemListElement\":[{\"@type\":\"ListItem\",\"position\":1,\"name\":\"Startseite\",\"item\":\"https:\\\/\\\/goldenme.lu\\\/fr\\\/\"},{\"@type\":\"ListItem\",\"position\":2,\"name\":\"\u00c0 propos de nous\",\"item\":\"https:\\\/\\\/goldenme.lu\\\/fr\\\/a-propos-de-nous\\\/\"},{\"@type\":\"ListItem\",\"position\":3,\"name\":\"Activit\u00e9s\",\"item\":\"https:\\\/\\\/goldenme.lu\\\/fr\\\/a-propos-de-nous\\\/activites\\\/\"},{\"@type\":\"ListItem\",\"position\":4,\"name\":\"SmartTalk\"}]},{\"@type\":\"WebSite\",\"@id\":\"https:\\\/\\\/goldenme.lu\\\/fr\\\/#website\",\"url\":\"https:\\\/\\\/goldenme.lu\\\/fr\\\/\",\"name\":\"GoldenMe\",\"description\":\"\",\"publisher\":{\"@id\":\"https:\\\/\\\/goldenme.lu\\\/fr\\\/#organization\"},\"potentialAction\":[{\"@type\":\"SearchAction\",\"target\":{\"@type\":\"EntryPoint\",\"urlTemplate\":\"https:\\\/\\\/goldenme.lu\\\/fr\\\/?s={search_term_string}\"},\"query-input\":{\"@type\":\"PropertyValueSpecification\",\"valueRequired\":true,\"valueName\":\"search_term_string\"}}],\"inLanguage\":\"fr-FR\"},{\"@type\":\"Organization\",\"@id\":\"https:\\\/\\\/goldenme.lu\\\/fr\\\/#organization\",\"name\":\"GoldenMe\",\"url\":\"https:\\\/\\\/goldenme.lu\\\/fr\\\/\",\"logo\":{\"@type\":\"ImageObject\",\"inLanguage\":\"fr-FR\",\"@id\":\"https:\\\/\\\/goldenme.lu\\\/fr\\\/#\\\/schema\\\/logo\\\/image\\\/\",\"url\":\"https:\\\/\\\/goldenme.lu\\\/wp-content\\\/uploads\\\/2025\\\/07\\\/GM-Logo.png\",\"contentUrl\":\"https:\\\/\\\/goldenme.lu\\\/wp-content\\\/uploads\\\/2025\\\/07\\\/GM-Logo.png\",\"width\":565,\"height\":185,\"caption\":\"GoldenMe\"},\"image\":{\"@id\":\"https:\\\/\\\/goldenme.lu\\\/fr\\\/#\\\/schema\\\/logo\\\/image\\\/\"},\"sameAs\":[\"https:\\\/\\\/www.facebook.com\\\/GoldenMeLuxembourg\\\/\",\"https:\\\/\\\/www.instagram.com\\\/goldenmeluxembourg\"]}]}<\/script>\n<!-- \/ Yoast SEO plugin. -->","yoast_head_json":{"title":"SmartTalk - GoldenMe","robots":{"index":"index","follow":"follow","max-snippet":"max-snippet:-1","max-image-preview":"max-image-preview:large","max-video-preview":"max-video-preview:-1"},"canonical":"https:\/\/goldenme.lu\/fr\/a-propos-de-nous\/activites\/smarttalk\/","og_locale":"fr_FR","og_type":"article","og_title":"SmartTalk - GoldenMe","og_description":"[vc_row][vc_column][vc_custom_heading text=\u00a0\u00bbSmartTalk\u00a0\u00bb font_container=\u00a0\u00bbtag:h1|text_align:left\u00a0\u00bb use_theme_fonts=\u00a0\u00bbyes\u00a0\u00bb css_animation=\u00a0\u00bbbottom-to-top\u00a0\u00bb css=\u00a0\u00bb\u00a0\u00bb el_class=\u00a0\u00bbtext-4xl font-black\u00a0\u00bb][\/vc_column][\/vc_row][vc_row][vc_column][vc_empty_space height=\u00a0\u00bb25px\u00a0\u00bb][\/vc_column][\/vc_row][vc_row gap=\u00a0\u00bb35&Prime;][vc_column width=\u00a0\u00bb1\/3&Prime;][vc_custom_heading text=\u00a0\u00bbNaviguer en toute s\u00e9curit\u00e9 &#8211; avec nos SmartTalks\u00a0\u00bb font_container=\u00a0\u00bbtag:h3|text_align:left\u00a0\u00bb use_theme_fonts=\u00a0\u00bbyes\u00a0\u00bb css=\u00a0\u00bb\u00a0\u00bb el_class=\u00a0\u00bbtext-3xl font-black\u00a0\u00bb][vc_custom_heading text=\u00a0\u00bbNos SmartTalks encouragent une utilisation s\u00fbre de l&apos;Internet. Ils offrent des cl\u00e9s pour se prot\u00e9ger en ligne et naviguer en toute s\u00e9curit\u00e9 dans le monde num\u00e9rique.\u00a0\u00bb font_container=\u00a0\u00bbtag:h3|text_align:left\u00a0\u00bb use_theme_fonts=\u00a0\u00bbyes\u00a0\u00bb css=\u00a0\u00bb\u00a0\u00bb el_class=\u00a0\u00bbtext-2xl font-black\u00a0\u00bb][\/vc_column][vc_column [&hellip;]","og_url":"https:\/\/goldenme.lu\/fr\/a-propos-de-nous\/activites\/smarttalk\/","og_site_name":"GoldenMe","article_publisher":"https:\/\/www.facebook.com\/GoldenMeLuxembourg\/","article_modified_time":"2026-04-24T09:19:10+00:00","twitter_card":"summary_large_image","twitter_misc":{"Dur\u00e9e de lecture estim\u00e9e":"8 minutes"},"schema":{"@context":"https:\/\/schema.org","@graph":[{"@type":"WebPage","@id":"https:\/\/goldenme.lu\/fr\/a-propos-de-nous\/activites\/smarttalk\/","url":"https:\/\/goldenme.lu\/fr\/a-propos-de-nous\/activites\/smarttalk\/","name":"SmartTalk - GoldenMe","isPartOf":{"@id":"https:\/\/goldenme.lu\/fr\/#website"},"datePublished":"2026-01-15T14:56:22+00:00","dateModified":"2026-04-24T09:19:10+00:00","breadcrumb":{"@id":"https:\/\/goldenme.lu\/fr\/a-propos-de-nous\/activites\/smarttalk\/#breadcrumb"},"inLanguage":"fr-FR","potentialAction":[{"@type":"ReadAction","target":["https:\/\/goldenme.lu\/fr\/a-propos-de-nous\/activites\/smarttalk\/"]}]},{"@type":"BreadcrumbList","@id":"https:\/\/goldenme.lu\/fr\/a-propos-de-nous\/activites\/smarttalk\/#breadcrumb","itemListElement":[{"@type":"ListItem","position":1,"name":"Startseite","item":"https:\/\/goldenme.lu\/fr\/"},{"@type":"ListItem","position":2,"name":"\u00c0 propos de nous","item":"https:\/\/goldenme.lu\/fr\/a-propos-de-nous\/"},{"@type":"ListItem","position":3,"name":"Activit\u00e9s","item":"https:\/\/goldenme.lu\/fr\/a-propos-de-nous\/activites\/"},{"@type":"ListItem","position":4,"name":"SmartTalk"}]},{"@type":"WebSite","@id":"https:\/\/goldenme.lu\/fr\/#website","url":"https:\/\/goldenme.lu\/fr\/","name":"GoldenMe","description":"","publisher":{"@id":"https:\/\/goldenme.lu\/fr\/#organization"},"potentialAction":[{"@type":"SearchAction","target":{"@type":"EntryPoint","urlTemplate":"https:\/\/goldenme.lu\/fr\/?s={search_term_string}"},"query-input":{"@type":"PropertyValueSpecification","valueRequired":true,"valueName":"search_term_string"}}],"inLanguage":"fr-FR"},{"@type":"Organization","@id":"https:\/\/goldenme.lu\/fr\/#organization","name":"GoldenMe","url":"https:\/\/goldenme.lu\/fr\/","logo":{"@type":"ImageObject","inLanguage":"fr-FR","@id":"https:\/\/goldenme.lu\/fr\/#\/schema\/logo\/image\/","url":"https:\/\/goldenme.lu\/wp-content\/uploads\/2025\/07\/GM-Logo.png","contentUrl":"https:\/\/goldenme.lu\/wp-content\/uploads\/2025\/07\/GM-Logo.png","width":565,"height":185,"caption":"GoldenMe"},"image":{"@id":"https:\/\/goldenme.lu\/fr\/#\/schema\/logo\/image\/"},"sameAs":["https:\/\/www.facebook.com\/GoldenMeLuxembourg\/","https:\/\/www.instagram.com\/goldenmeluxembourg"]}]}},"_links":{"self":[{"href":"https:\/\/goldenme.lu\/fr\/wp-json\/wp\/v2\/pages\/1569","targetHints":{"allow":["GET"]}}],"collection":[{"href":"https:\/\/goldenme.lu\/fr\/wp-json\/wp\/v2\/pages"}],"about":[{"href":"https:\/\/goldenme.lu\/fr\/wp-json\/wp\/v2\/types\/page"}],"author":[{"embeddable":true,"href":"https:\/\/goldenme.lu\/fr\/wp-json\/wp\/v2\/users\/2"}],"replies":[{"embeddable":true,"href":"https:\/\/goldenme.lu\/fr\/wp-json\/wp\/v2\/comments?post=1569"}],"version-history":[{"count":27,"href":"https:\/\/goldenme.lu\/fr\/wp-json\/wp\/v2\/pages\/1569\/revisions"}],"predecessor-version":[{"id":1949,"href":"https:\/\/goldenme.lu\/fr\/wp-json\/wp\/v2\/pages\/1569\/revisions\/1949"}],"up":[{"embeddable":true,"href":"https:\/\/goldenme.lu\/fr\/wp-json\/wp\/v2\/pages\/684"}],"wp:attachment":[{"href":"https:\/\/goldenme.lu\/fr\/wp-json\/wp\/v2\/media?parent=1569"}],"curies":[{"name":"wp","href":"https:\/\/api.w.org\/{rel}","templated":true}]}}