{"id":1562,"date":"2026-01-15T15:58:24","date_gmt":"2026-01-15T14:58:24","guid":{"rendered":"https:\/\/goldenme.cuco.dev\/a-propos-de-nous\/activites\/smartworkshop\/"},"modified":"2026-04-22T14:26:00","modified_gmt":"2026-04-22T12:26:00","slug":"smartworkshop","status":"publish","type":"page","link":"https:\/\/goldenme.lu\/fr\/a-propos-de-nous\/activites\/smartworkshop\/","title":{"rendered":"SmartWorkshop"},"content":{"rendered":"<div class=\"wpb-content-wrapper\"><p>[vc_row][vc_column][vc_custom_heading text=\u00a0\u00bbSmartWorkshop\u00a0\u00bb font_container=\u00a0\u00bbtag:h1|text_align:left\u00a0\u00bb use_theme_fonts=\u00a0\u00bbyes\u00a0\u00bb css_animation=\u00a0\u00bbbottom-to-top\u00a0\u00bb css=\u00a0\u00bb\u00a0\u00bb el_class=\u00a0\u00bbtext-4xl font-black\u00a0\u00bb][\/vc_column][\/vc_row][vc_row][vc_column][vc_empty_space height=\u00a0\u00bb25px\u00a0\u00bb][\/vc_column][\/vc_row][vc_row gap=\u00a0\u00bb35&Prime;][vc_column width=\u00a0\u00bb1\/2&Prime;][vc_custom_heading text=\u00a0\u00bbReconna\u00eetre les Fake News (\u00e0 partir de avril 2026)\u00a0\u00bb font_container=\u00a0\u00bbtag:h2|font_size:26|text_align:left\u00a0\u00bb use_theme_fonts=\u00a0\u00bbyes\u00a0\u00bb css_animation=\u00a0\u00bbbottom-to-top\u00a0\u00bb css=\u00a0\u00bb\u00a0\u00bb el_class=\u00a0\u00bbtext-4xl font-black\u00a0\u00bb][vc_column_text css_animation=\u00a0\u00bbbottom-to-top\u00a0\u00bb css=\u00a0\u00bb\u00a0\u00bb]<\/p>\n<p class=\"p1\">Chaque jour, nous sommes confront\u00e9\u00b7e\u00b7s \u00e0 des informations dans les journaux, sur Internet ou sur notre smartphone. Pourtant, tout ce qui ressemble \u00e0 une information n\u2019est pas forc\u00e9ment vrai. Lors de cet atelier, les seniors apprendront de mani\u00e8re pratique et concr\u00e8te \u00e0 mieux reconna\u00eetre les fake news.  <\/p>\n<p>[\/vc_column_text][vc_column_text css_animation=\u00a0\u00bbbottom-to-top\u00a0\u00bb css=\u00a0\u00bb\u00a0\u00bb]Les participants commencent par consulter un site web. Nous discutons ensuite des exemples \u00e9tape par \u00e9tape et abordons les caract\u00e9ristiques importantes qui permettent de reconna\u00eetre les fausses informations \u2013 par exemple, les titres racoleurs, l&rsquo;absence de sources ou un langage \u00e9motionnel.[\/vc_column_text][vc_column_text css_animation=\u00a0\u00bbbottom-to-top\u00a0\u00bb css=\u00a0\u00bb\u00a0\u00bb]L\u2019atelier est interactif, expliqu\u00e9 de fa\u00e7on simple et ne n\u00e9cessite aucune connaissance pr\u00e9alable. L\u2019objectif est de gagner en confiance dans la lecture de l\u2019actualit\u00e9 et de renforcer son esprit critique.[\/vc_column_text][vc_empty_space height=\u00a0\u00bb15px\u00a0\u00bb][\/vc_column][vc_column width=\u00a0\u00bb1\/2&Prime;][vc_single_image image=\u00a0\u00bb1561&Prime; img_size=\u00a0\u00bbfull\u00a0\u00bb css_animation=\u00a0\u00bbbottom-to-top\u00a0\u00bb css=\u00a0\u00bb\u00a0\u00bb el_class=\u00a0\u00bbimg-rounded\u00a0\u00bb][\/vc_column][\/vc_row][vc_row min_height=\u00a0\u00bb90&Prime;][vc_column][\/vc_column][\/vc_row]<\/p>\n<\/div>","protected":false},"excerpt":{"rendered":"<p>[vc_row][vc_column][vc_custom_heading text=\u00a0\u00bbSmartWorkshop\u00a0\u00bb font_container=\u00a0\u00bbtag:h1|text_align:left\u00a0\u00bb use_theme_fonts=\u00a0\u00bbyes\u00a0\u00bb css_animation=\u00a0\u00bbbottom-to-top\u00a0\u00bb css=\u00a0\u00bb\u00a0\u00bb el_class=\u00a0\u00bbtext-4xl font-black\u00a0\u00bb][\/vc_column][\/vc_row][vc_row][vc_column][vc_empty_space height=\u00a0\u00bb25px\u00a0\u00bb][\/vc_column][\/vc_row][vc_row gap=\u00a0\u00bb35&Prime;][vc_column width=\u00a0\u00bb1\/2&Prime;][vc_custom_heading text=\u00a0\u00bbReconna\u00eetre les Fake News (\u00e0 partir de avril 2026)\u00a0\u00bb font_container=\u00a0\u00bbtag:h2|font_size:26|text_align:left\u00a0\u00bb use_theme_fonts=\u00a0\u00bbyes\u00a0\u00bb css_animation=\u00a0\u00bbbottom-to-top\u00a0\u00bb css=\u00a0\u00bb\u00a0\u00bb el_class=\u00a0\u00bbtext-4xl font-black\u00a0\u00bb][vc_column_text css_animation=\u00a0\u00bbbottom-to-top\u00a0\u00bb css=\u00a0\u00bb\u00a0\u00bb] Chaque jour, nous sommes confront\u00e9\u00b7e\u00b7s \u00e0 des informations dans les journaux, sur Internet ou sur notre smartphone. Pourtant, tout ce qui ressemble \u00e0 une information n\u2019est pas [&hellip;]<\/p>\n","protected":false},"author":2,"featured_media":0,"parent":684,"menu_order":0,"comment_status":"closed","ping_status":"closed","template":"","meta":{"_acf_changed":false,"footnotes":""},"class_list":["post-1562","page","type-page","status-publish","hentry"],"acf":[],"yoast_head":"<!-- This site is optimized with the Yoast SEO plugin v27.4 - https:\/\/yoast.com\/product\/yoast-seo-wordpress\/ -->\n<title>SmartWorkshop - GoldenMe<\/title>\n<meta name=\"robots\" content=\"index, follow, max-snippet:-1, max-image-preview:large, max-video-preview:-1\" \/>\n<link rel=\"canonical\" href=\"https:\/\/goldenme.lu\/fr\/a-propos-de-nous\/activites\/smartworkshop\/\" \/>\n<meta property=\"og:locale\" content=\"fr_FR\" \/>\n<meta property=\"og:type\" content=\"article\" \/>\n<meta property=\"og:title\" content=\"SmartWorkshop - GoldenMe\" \/>\n<meta property=\"og:description\" content=\"[vc_row][vc_column][vc_custom_heading text=\u00a0\u00bbSmartWorkshop\u00a0\u00bb font_container=\u00a0\u00bbtag:h1|text_align:left\u00a0\u00bb use_theme_fonts=\u00a0\u00bbyes\u00a0\u00bb css_animation=\u00a0\u00bbbottom-to-top\u00a0\u00bb css=\u00a0\u00bb\u00a0\u00bb el_class=\u00a0\u00bbtext-4xl font-black\u00a0\u00bb][\/vc_column][\/vc_row][vc_row][vc_column][vc_empty_space height=\u00a0\u00bb25px\u00a0\u00bb][\/vc_column][\/vc_row][vc_row gap=\u00a0\u00bb35&Prime;][vc_column width=\u00a0\u00bb1\/2&Prime;][vc_custom_heading text=\u00a0\u00bbReconna\u00eetre les Fake News (\u00e0 partir de avril 2026)\u00a0\u00bb font_container=\u00a0\u00bbtag:h2|font_size:26|text_align:left\u00a0\u00bb use_theme_fonts=\u00a0\u00bbyes\u00a0\u00bb css_animation=\u00a0\u00bbbottom-to-top\u00a0\u00bb css=\u00a0\u00bb\u00a0\u00bb el_class=\u00a0\u00bbtext-4xl font-black\u00a0\u00bb][vc_column_text css_animation=\u00a0\u00bbbottom-to-top\u00a0\u00bb css=\u00a0\u00bb\u00a0\u00bb] Chaque jour, nous sommes confront\u00e9\u00b7e\u00b7s \u00e0 des informations dans les journaux, sur Internet ou sur notre smartphone. Pourtant, tout ce qui ressemble \u00e0 une information n\u2019est pas [&hellip;]\" \/>\n<meta property=\"og:url\" content=\"https:\/\/goldenme.lu\/fr\/a-propos-de-nous\/activites\/smartworkshop\/\" \/>\n<meta property=\"og:site_name\" content=\"GoldenMe\" \/>\n<meta property=\"article:publisher\" content=\"https:\/\/www.facebook.com\/GoldenMeLuxembourg\/\" \/>\n<meta property=\"article:modified_time\" content=\"2026-04-22T12:26:00+00:00\" \/>\n<meta name=\"twitter:card\" content=\"summary_large_image\" \/>\n<meta name=\"twitter:label1\" content=\"Dur\u00e9e de lecture estim\u00e9e\" \/>\n\t<meta name=\"twitter:data1\" content=\"1 minute\" \/>\n<script type=\"application\/ld+json\" class=\"yoast-schema-graph\">{\"@context\":\"https:\\\/\\\/schema.org\",\"@graph\":[{\"@type\":\"WebPage\",\"@id\":\"https:\\\/\\\/goldenme.lu\\\/fr\\\/a-propos-de-nous\\\/activites\\\/smartworkshop\\\/\",\"url\":\"https:\\\/\\\/goldenme.lu\\\/fr\\\/a-propos-de-nous\\\/activites\\\/smartworkshop\\\/\",\"name\":\"SmartWorkshop - GoldenMe\",\"isPartOf\":{\"@id\":\"https:\\\/\\\/goldenme.lu\\\/fr\\\/#website\"},\"datePublished\":\"2026-01-15T14:58:24+00:00\",\"dateModified\":\"2026-04-22T12:26:00+00:00\",\"breadcrumb\":{\"@id\":\"https:\\\/\\\/goldenme.lu\\\/fr\\\/a-propos-de-nous\\\/activites\\\/smartworkshop\\\/#breadcrumb\"},\"inLanguage\":\"fr-FR\",\"potentialAction\":[{\"@type\":\"ReadAction\",\"target\":[\"https:\\\/\\\/goldenme.lu\\\/fr\\\/a-propos-de-nous\\\/activites\\\/smartworkshop\\\/\"]}]},{\"@type\":\"BreadcrumbList\",\"@id\":\"https:\\\/\\\/goldenme.lu\\\/fr\\\/a-propos-de-nous\\\/activites\\\/smartworkshop\\\/#breadcrumb\",\"itemListElement\":[{\"@type\":\"ListItem\",\"position\":1,\"name\":\"Startseite\",\"item\":\"https:\\\/\\\/goldenme.lu\\\/fr\\\/\"},{\"@type\":\"ListItem\",\"position\":2,\"name\":\"\u00c0 propos de nous\",\"item\":\"https:\\\/\\\/goldenme.lu\\\/fr\\\/a-propos-de-nous\\\/\"},{\"@type\":\"ListItem\",\"position\":3,\"name\":\"Activit\u00e9s\",\"item\":\"https:\\\/\\\/goldenme.lu\\\/fr\\\/a-propos-de-nous\\\/activites\\\/\"},{\"@type\":\"ListItem\",\"position\":4,\"name\":\"SmartWorkshop\"}]},{\"@type\":\"WebSite\",\"@id\":\"https:\\\/\\\/goldenme.lu\\\/fr\\\/#website\",\"url\":\"https:\\\/\\\/goldenme.lu\\\/fr\\\/\",\"name\":\"GoldenMe\",\"description\":\"\",\"publisher\":{\"@id\":\"https:\\\/\\\/goldenme.lu\\\/fr\\\/#organization\"},\"potentialAction\":[{\"@type\":\"SearchAction\",\"target\":{\"@type\":\"EntryPoint\",\"urlTemplate\":\"https:\\\/\\\/goldenme.lu\\\/fr\\\/?s={search_term_string}\"},\"query-input\":{\"@type\":\"PropertyValueSpecification\",\"valueRequired\":true,\"valueName\":\"search_term_string\"}}],\"inLanguage\":\"fr-FR\"},{\"@type\":\"Organization\",\"@id\":\"https:\\\/\\\/goldenme.lu\\\/fr\\\/#organization\",\"name\":\"GoldenMe\",\"url\":\"https:\\\/\\\/goldenme.lu\\\/fr\\\/\",\"logo\":{\"@type\":\"ImageObject\",\"inLanguage\":\"fr-FR\",\"@id\":\"https:\\\/\\\/goldenme.lu\\\/fr\\\/#\\\/schema\\\/logo\\\/image\\\/\",\"url\":\"https:\\\/\\\/goldenme.lu\\\/wp-content\\\/uploads\\\/2025\\\/07\\\/GM-Logo.png\",\"contentUrl\":\"https:\\\/\\\/goldenme.lu\\\/wp-content\\\/uploads\\\/2025\\\/07\\\/GM-Logo.png\",\"width\":565,\"height\":185,\"caption\":\"GoldenMe\"},\"image\":{\"@id\":\"https:\\\/\\\/goldenme.lu\\\/fr\\\/#\\\/schema\\\/logo\\\/image\\\/\"},\"sameAs\":[\"https:\\\/\\\/www.facebook.com\\\/GoldenMeLuxembourg\\\/\",\"https:\\\/\\\/www.instagram.com\\\/goldenmeluxembourg\"]}]}<\/script>\n<!-- \/ Yoast SEO plugin. -->","yoast_head_json":{"title":"SmartWorkshop - GoldenMe","robots":{"index":"index","follow":"follow","max-snippet":"max-snippet:-1","max-image-preview":"max-image-preview:large","max-video-preview":"max-video-preview:-1"},"canonical":"https:\/\/goldenme.lu\/fr\/a-propos-de-nous\/activites\/smartworkshop\/","og_locale":"fr_FR","og_type":"article","og_title":"SmartWorkshop - GoldenMe","og_description":"[vc_row][vc_column][vc_custom_heading text=\u00a0\u00bbSmartWorkshop\u00a0\u00bb font_container=\u00a0\u00bbtag:h1|text_align:left\u00a0\u00bb use_theme_fonts=\u00a0\u00bbyes\u00a0\u00bb css_animation=\u00a0\u00bbbottom-to-top\u00a0\u00bb css=\u00a0\u00bb\u00a0\u00bb el_class=\u00a0\u00bbtext-4xl font-black\u00a0\u00bb][\/vc_column][\/vc_row][vc_row][vc_column][vc_empty_space height=\u00a0\u00bb25px\u00a0\u00bb][\/vc_column][\/vc_row][vc_row gap=\u00a0\u00bb35&Prime;][vc_column width=\u00a0\u00bb1\/2&Prime;][vc_custom_heading text=\u00a0\u00bbReconna\u00eetre les Fake News (\u00e0 partir de avril 2026)\u00a0\u00bb font_container=\u00a0\u00bbtag:h2|font_size:26|text_align:left\u00a0\u00bb use_theme_fonts=\u00a0\u00bbyes\u00a0\u00bb css_animation=\u00a0\u00bbbottom-to-top\u00a0\u00bb css=\u00a0\u00bb\u00a0\u00bb el_class=\u00a0\u00bbtext-4xl font-black\u00a0\u00bb][vc_column_text css_animation=\u00a0\u00bbbottom-to-top\u00a0\u00bb css=\u00a0\u00bb\u00a0\u00bb] Chaque jour, nous sommes confront\u00e9\u00b7e\u00b7s \u00e0 des informations dans les journaux, sur Internet ou sur notre smartphone. Pourtant, tout ce qui ressemble \u00e0 une information n\u2019est pas [&hellip;]","og_url":"https:\/\/goldenme.lu\/fr\/a-propos-de-nous\/activites\/smartworkshop\/","og_site_name":"GoldenMe","article_publisher":"https:\/\/www.facebook.com\/GoldenMeLuxembourg\/","article_modified_time":"2026-04-22T12:26:00+00:00","twitter_card":"summary_large_image","twitter_misc":{"Dur\u00e9e de lecture estim\u00e9e":"1 minute"},"schema":{"@context":"https:\/\/schema.org","@graph":[{"@type":"WebPage","@id":"https:\/\/goldenme.lu\/fr\/a-propos-de-nous\/activites\/smartworkshop\/","url":"https:\/\/goldenme.lu\/fr\/a-propos-de-nous\/activites\/smartworkshop\/","name":"SmartWorkshop - GoldenMe","isPartOf":{"@id":"https:\/\/goldenme.lu\/fr\/#website"},"datePublished":"2026-01-15T14:58:24+00:00","dateModified":"2026-04-22T12:26:00+00:00","breadcrumb":{"@id":"https:\/\/goldenme.lu\/fr\/a-propos-de-nous\/activites\/smartworkshop\/#breadcrumb"},"inLanguage":"fr-FR","potentialAction":[{"@type":"ReadAction","target":["https:\/\/goldenme.lu\/fr\/a-propos-de-nous\/activites\/smartworkshop\/"]}]},{"@type":"BreadcrumbList","@id":"https:\/\/goldenme.lu\/fr\/a-propos-de-nous\/activites\/smartworkshop\/#breadcrumb","itemListElement":[{"@type":"ListItem","position":1,"name":"Startseite","item":"https:\/\/goldenme.lu\/fr\/"},{"@type":"ListItem","position":2,"name":"\u00c0 propos de nous","item":"https:\/\/goldenme.lu\/fr\/a-propos-de-nous\/"},{"@type":"ListItem","position":3,"name":"Activit\u00e9s","item":"https:\/\/goldenme.lu\/fr\/a-propos-de-nous\/activites\/"},{"@type":"ListItem","position":4,"name":"SmartWorkshop"}]},{"@type":"WebSite","@id":"https:\/\/goldenme.lu\/fr\/#website","url":"https:\/\/goldenme.lu\/fr\/","name":"GoldenMe","description":"","publisher":{"@id":"https:\/\/goldenme.lu\/fr\/#organization"},"potentialAction":[{"@type":"SearchAction","target":{"@type":"EntryPoint","urlTemplate":"https:\/\/goldenme.lu\/fr\/?s={search_term_string}"},"query-input":{"@type":"PropertyValueSpecification","valueRequired":true,"valueName":"search_term_string"}}],"inLanguage":"fr-FR"},{"@type":"Organization","@id":"https:\/\/goldenme.lu\/fr\/#organization","name":"GoldenMe","url":"https:\/\/goldenme.lu\/fr\/","logo":{"@type":"ImageObject","inLanguage":"fr-FR","@id":"https:\/\/goldenme.lu\/fr\/#\/schema\/logo\/image\/","url":"https:\/\/goldenme.lu\/wp-content\/uploads\/2025\/07\/GM-Logo.png","contentUrl":"https:\/\/goldenme.lu\/wp-content\/uploads\/2025\/07\/GM-Logo.png","width":565,"height":185,"caption":"GoldenMe"},"image":{"@id":"https:\/\/goldenme.lu\/fr\/#\/schema\/logo\/image\/"},"sameAs":["https:\/\/www.facebook.com\/GoldenMeLuxembourg\/","https:\/\/www.instagram.com\/goldenmeluxembourg"]}]}},"_links":{"self":[{"href":"https:\/\/goldenme.lu\/fr\/wp-json\/wp\/v2\/pages\/1562","targetHints":{"allow":["GET"]}}],"collection":[{"href":"https:\/\/goldenme.lu\/fr\/wp-json\/wp\/v2\/pages"}],"about":[{"href":"https:\/\/goldenme.lu\/fr\/wp-json\/wp\/v2\/types\/page"}],"author":[{"embeddable":true,"href":"https:\/\/goldenme.lu\/fr\/wp-json\/wp\/v2\/users\/2"}],"replies":[{"embeddable":true,"href":"https:\/\/goldenme.lu\/fr\/wp-json\/wp\/v2\/comments?post=1562"}],"version-history":[{"count":6,"href":"https:\/\/goldenme.lu\/fr\/wp-json\/wp\/v2\/pages\/1562\/revisions"}],"predecessor-version":[{"id":1864,"href":"https:\/\/goldenme.lu\/fr\/wp-json\/wp\/v2\/pages\/1562\/revisions\/1864"}],"up":[{"embeddable":true,"href":"https:\/\/goldenme.lu\/fr\/wp-json\/wp\/v2\/pages\/684"}],"wp:attachment":[{"href":"https:\/\/goldenme.lu\/fr\/wp-json\/wp\/v2\/media?parent=1562"}],"curies":[{"name":"wp","href":"https:\/\/api.w.org\/{rel}","templated":true}]}}